{"id":70,"date":"2015-04-28T08:09:12","date_gmt":"2015-04-28T06:09:12","guid":{"rendered":"https:\/\/elbok.com.pl\/w\/?page_id=70"},"modified":"2024-10-01T09:22:01","modified_gmt":"2024-10-01T07:22:01","slug":"profil-dzialalnosci","status":"publish","type":"page","link":"https:\/\/elbok.com.pl\/w\/przykladowa-strona\/profil-dzialalnosci\/","title":{"rendered":"Profil dzia\u0142alno\u015bci"},"content":{"rendered":"<div>\n<h1>Profil dzia\u0142alno\u015bci<\/h1>\n<div>Naszymi sztandarowymi produktami s\u0105 <strong>kasety synoptyczne<\/strong>, <strong>uniwersalne kontrolki LED<\/strong> pracuj\u0105ce w szerokim zakresie napi\u0119\u0107 oraz wielokana\u0142owe <strong>listwy przeka\u017anikowe<\/strong>, zar\u00f3wno tradycyjne jak i elektroniczne. Jeste\u015bmy tak\u017ce dystrybutorem <strong>zasilaczy impulsowych<\/strong>, sygnowanych naszym logo jak i produkt\u00f3w firmy <strong>Mean Well<\/strong>.<\/div>\n<div>Wsp\u00f3\u0142pracujemy ju\u017c wiele lat z niemieckim producentem z\u0142\u0105cz i akcesori\u00f3w monta\u017cowych &#8211; firm\u0105 <strong>WAGO ELWAG Sp. z o.o.<\/strong>, kt\u00f3rej jeste\u015bmy uznanym <strong>lokalnym dystrybutorem<\/strong> oraz producentem. Wiele z produkt\u00f3w WAGO jest z powodzeniem stosowane w naszych urz\u0105dzeniach. Firma WAGO rekomenduje r\u00f3wnie\u017c nasze produkty w\u015br\u00f3d klient\u00f3w.<\/div>\n<div>\u00a0<\/div>\n<div>Opr\u00f3cz produkcji urz\u0105dze\u0144 w\u0142asnych prowadzimy tak\u017ce dzia\u0142alno\u015b\u0107 w dziedzinie<strong> projektowania i kr\u00f3tkoseryjnej produkcji<\/strong> urz\u0105dze\u0144 na specjalne \u017cyczenie Klient\u00f3w. W chwili obecnej mo\u017cemy si\u0119 poszczyci\u0107 kilkunastoma odbiorcami produkcji kontraktowej.<\/div>\n<\/div>\n<h2>Produkcja kaset synoptycznych<\/h2>\n<ul>\n<li>Kasety synoptyczne alarmowe (4, 8 i 16 kana\u0142owe):<a href=\"https:\/\/elbok.com.pl\/w\/wp-content\/uploads\/2015\/05\/s16.png\"><img loading=\"lazy\" decoding=\"async\" class=\"wp-image-255 size-medium alignright\" src=\"https:\/\/elbok.com.pl\/w\/wp-content\/uploads\/2015\/05\/s16-300x201.png\" alt=\"Kaseta synoptyczna S16\" width=\"300\" height=\"201\" srcset=\"https:\/\/elbok.com.pl\/w\/wp-content\/uploads\/2015\/05\/s16-300x201.png 300w, https:\/\/elbok.com.pl\/w\/wp-content\/uploads\/2015\/05\/s16-325x218.png 325w, https:\/\/elbok.com.pl\/w\/wp-content\/uploads\/2015\/05\/s16-454x304.png 454w, https:\/\/elbok.com.pl\/w\/wp-content\/uploads\/2015\/05\/s16-512x343.png 512w, https:\/\/elbok.com.pl\/w\/wp-content\/uploads\/2015\/05\/s16-224x150.png 224w, https:\/\/elbok.com.pl\/w\/wp-content\/uploads\/2015\/05\/s16-150x100.png 150w, https:\/\/elbok.com.pl\/w\/wp-content\/uploads\/2015\/05\/s16.png 717w\" sizes=\"auto, (max-width: 300px) 100vw, 300px\" \/><\/a><br \/>\n&#8211; typu <strong>S4-E, S8-E, S16-E.<\/strong><\/li>\n<li>Programowane kasety synoptyczne (4, 8, 16 i 24 kana\u0142owe):<br \/>\n&#8211; typu <strong>S4, S8, S16, S24,<\/strong><br \/>\n&#8211; o programach <strong>E0, E3, E4.<\/strong><\/li>\n<li>Kasety synoptyczne do wsp\u00f3\u0142pracy z dowolnymi kartami wyj\u015bciowymi r\u00f3\u017cnych typ\u00f3w sterownik\u00f3w:<br \/>\n&#8211; typu <strong>S4-T,\u00a0S8-T, S16-T.<\/strong><\/li>\n<li>Kasety synoptyczne do synoptyk\u00f3w technologicznych:<br \/>\n&#8211; typu <strong>S16L-E.<\/strong><\/li>\n<\/ul>\n<p>W kasetach stosujemy najnowsze \u015bwiatowe osi\u0105gni\u0119cia technologiczne, dzi\u0119ki kt\u00f3rym uzyskali\u015bmy:<\/p>\n<ul>\n<li>Zwi\u0119kszenie ilo\u015bci funkcji wbudowanych w kasecie,<\/li>\n<li>Znaczne zmniejszenie poboru mocy,<\/li>\n<li>Zwi\u0119kszenie niezawodno\u015bci pracy, co pozwala nam udziela\u0107 24 miesi\u0119cznej gwarancji,<\/li>\n<li>Zmniejszenie ci\u0119\u017caru i wymiar\u00f3w kaset,<\/li>\n<li>Zmniejszenie ceny kaset w przeliczeniu na kana\u0142.<\/li>\n<\/ul>\n<h2>Produkcja kontrolek i lampek LED<\/h2>\n<div>\n<div>\n<h3>Lampki LED<\/h3>\n<ul>\n<li><b>Nowoczesne zamienniki w technologii LED standardowych \u017car\u00f3wek w\u0142\u00f3knowych:<\/b><a href=\"https:\/\/elbok.com.pl\/w\/wp-content\/uploads\/2015\/05\/klt6_8.png\"><img loading=\"lazy\" decoding=\"async\" class=\"wp-image-286 size-medium alignright\" src=\"https:\/\/elbok.com.pl\/w\/wp-content\/uploads\/2015\/05\/klt6_8-300x225.png\" alt=\"Kontrolka LED KLT-6.8\" width=\"300\" height=\"225\" srcset=\"https:\/\/elbok.com.pl\/w\/wp-content\/uploads\/2015\/05\/klt6_8-300x225.png 300w, https:\/\/elbok.com.pl\/w\/wp-content\/uploads\/2015\/05\/klt6_8-325x244.png 325w, https:\/\/elbok.com.pl\/w\/wp-content\/uploads\/2015\/05\/klt6_8-454x341.png 454w, https:\/\/elbok.com.pl\/w\/wp-content\/uploads\/2015\/05\/klt6_8-512x384.png 512w, https:\/\/elbok.com.pl\/w\/wp-content\/uploads\/2015\/05\/klt6_8-200x150.png 200w, https:\/\/elbok.com.pl\/w\/wp-content\/uploads\/2015\/05\/klt6_8-150x113.png 150w, https:\/\/elbok.com.pl\/w\/wp-content\/uploads\/2015\/05\/klt6_8.png 640w\" sizes=\"auto, (max-width: 300px) 100vw, 300px\" \/><\/a><br \/>\n&#8211; Telefoniczna <strong>T6.8,<\/strong><br \/>\n&#8211; Bagnetowa <strong>BA9s,<\/strong><br \/>\n&#8211; Gwintowa z trzonkiem <strong>E10<\/strong>,<br \/>\n&#8211; Gwintowa z trzonkiem <strong>E14<\/strong>,<\/li>\n<li>Dost\u0119pne w kolorach:<br \/>\n<img loading=\"lazy\" decoding=\"async\" class=\"\" src=\"https:\/\/elbok.com.pl\/w\/wp-content\/uploads\/2015\/05\/kolory.png\" alt=\"kolory\" width=\"276\" height=\"46\" \/><\/li>\n<li>O napi\u0119ciu pracy wybranym z zakresu <strong>6..230V AC, DC<\/strong> lub <strong>AC\/DC<\/strong><\/li>\n<\/ul>\n<\/div>\n<div>\n<h3>Kontrolki LED<\/h3>\n<ul>\n<li>Dost\u0119pne \u015brednice diod LED:<a href=\"https:\/\/elbok.com.pl\/w\/wp-content\/uploads\/2015\/05\/klu20.png\"><img loading=\"lazy\" decoding=\"async\" class=\"wp-image-287 size-medium alignright\" src=\"https:\/\/elbok.com.pl\/w\/wp-content\/uploads\/2015\/05\/klu20-300x201.png\" alt=\"Kontrolki LED KLU-20\" width=\"300\" height=\"201\" srcset=\"https:\/\/elbok.com.pl\/w\/wp-content\/uploads\/2015\/05\/klu20-300x201.png 300w, https:\/\/elbok.com.pl\/w\/wp-content\/uploads\/2015\/05\/klu20-325x218.png 325w, https:\/\/elbok.com.pl\/w\/wp-content\/uploads\/2015\/05\/klu20-454x304.png 454w, https:\/\/elbok.com.pl\/w\/wp-content\/uploads\/2015\/05\/klu20-512x343.png 512w, https:\/\/elbok.com.pl\/w\/wp-content\/uploads\/2015\/05\/klu20-224x150.png 224w, https:\/\/elbok.com.pl\/w\/wp-content\/uploads\/2015\/05\/klu20-150x100.png 150w, https:\/\/elbok.com.pl\/w\/wp-content\/uploads\/2015\/05\/klu20.png 717w\" sizes=\"auto, (max-width: 300px) 100vw, 300px\" \/><\/a><br \/>\n&#8211; <strong>5mm, 8mm, 10mm, 16mm, 20mm<\/strong> w obudowach <strong>plastikowych<\/strong> lub <strong>metalowych<\/strong>,<br \/>\n&#8211; z opraw\u0105 wkl\u0119s\u0142\u0105 typu <strong>&#8222;U&#8221;<\/strong> lub wypuk\u0142\u0105 typu <strong>&#8222;A&#8221;<\/strong>,<br \/>\n&#8211; z wyprowadzeniami przewodowymi lub ze z\u0142\u0105czami <strong>WAGO<\/strong> dla kontrolek o \u015brednicy 16mm i 20mm<\/li>\n<li>Jednokolorowe:<br \/>\n<img loading=\"lazy\" decoding=\"async\" class=\"alignnone\" src=\"https:\/\/elbok.com.pl\/w\/wp-content\/uploads\/2015\/05\/kolory.png\" alt=\"kolory\" width=\"276\" height=\"46\" \/><\/li>\n<li>Wielokolorowe:<br \/>\n<img loading=\"lazy\" decoding=\"async\" class=\"\" src=\"https:\/\/elbok.com.pl\/w\/wp-content\/uploads\/2015\/05\/kolory2.png\" alt=\"kolory2\" width=\"326\" height=\"46\" \/><br \/>\nTak\u017ce w innych kombinacjach na \u017cyczenie Klienta.<\/li>\n<li>R\u00f3wnie\u017c jako <strong>migaj\u0105ce<\/strong><\/li>\n<li>W szerokim zakresie napi\u0119\u0107:<br \/>\n&#8211; dla kontrolki <strong>uniwersalnej<\/strong> dowolne napi\u0119cie z zakresu <strong>24..230V AC\/DC<\/strong><br \/>\n&#8211; dla kontrolek o \u015brednicach diod LED <strong>8, 10 <\/strong>i <strong>20<\/strong> mm jedno wybrane napi\u0119cie z zakresu\u00a0<strong>5..230V AC\/DC<\/strong><br \/>\n&#8211; dla kontrolek o \u015brednicach diod LED <strong>5 <\/strong>mm jedno wybrane napi\u0119cie z zakresu <strong>5..48V AC\/DC.<\/strong><\/li>\n<\/ul>\n<\/div>\n<\/div>\n<h2>\u00a0Produkcja listew przeka\u017anikowych<\/h2>\n<div>\n<ul>\n<li>Typu <strong>WP<\/strong>, o <strong>4, 8, 16, 24<\/strong> lub <strong>32<\/strong> kana\u0142ach wej\u015bciowych, opartych na klasycznych przeka\u017anikach mechanicznych:<a href=\"https:\/\/elbok.com.pl\/w\/wp-content\/uploads\/2015\/05\/wp8-2-1s.png\"><img loading=\"lazy\" decoding=\"async\" class=\"alignright wp-image-314 size-medium\" src=\"https:\/\/elbok.com.pl\/w\/wp-content\/uploads\/2015\/05\/wp8-2-1s-300x225.png\" alt=\"\" width=\"300\" height=\"225\" srcset=\"https:\/\/elbok.com.pl\/w\/wp-content\/uploads\/2015\/05\/wp8-2-1s-300x225.png 300w, https:\/\/elbok.com.pl\/w\/wp-content\/uploads\/2015\/05\/wp8-2-1s-325x244.png 325w, https:\/\/elbok.com.pl\/w\/wp-content\/uploads\/2015\/05\/wp8-2-1s-454x341.png 454w, https:\/\/elbok.com.pl\/w\/wp-content\/uploads\/2015\/05\/wp8-2-1s-512x384.png 512w, https:\/\/elbok.com.pl\/w\/wp-content\/uploads\/2015\/05\/wp8-2-1s-200x150.png 200w, https:\/\/elbok.com.pl\/w\/wp-content\/uploads\/2015\/05\/wp8-2-1s-150x113.png 150w, https:\/\/elbok.com.pl\/w\/wp-content\/uploads\/2015\/05\/wp8-2-1s.png 640w\" sizes=\"auto, (max-width: 300px) 100vw, 300px\" \/><\/a><br \/>\n&#8211; o napi\u0119ciach wej\u015bciowych <strong>5V<\/strong>, <strong>12V<\/strong>, <strong>24V<\/strong>, <strong>48V<\/strong>, <strong>60V<\/strong>, <strong>110V<\/strong> i <strong>230V<\/strong> <strong>AC\/DC<\/strong><br \/>\n&#8211; o stykach wyj\u015bciowych w konfiguracji <strong>1P\/2P<\/strong><\/li>\n<li>Typu <strong>WPM<\/strong>, o <strong>4<\/strong>, <strong>8<\/strong> lub <strong>16<\/strong> kana\u0142ach wej\u015bciowych, opartych na przeka\u017anikach miniaturowych:<br \/>\n&#8211; o napi\u0119ciach wej\u015bciowych z zakresu <strong>5V<\/strong>, <strong>12V<\/strong>, <strong>24V<\/strong>, <strong>48V<\/strong>, <strong>60V DC<\/strong><br \/>\n&#8211; o stykach wyj\u015bciowych w konfiguracji <strong>1P<\/strong><\/li>\n<li>Typu <strong>WPE<\/strong>, o <strong>4<\/strong> i <strong>8<\/strong> kana\u0142ach wej\u015bciowych, opartych na \u0142\u0105cznikach p\u00f3\u0142przewodnikowych:<br \/>\n&#8211; o napi\u0119ciach wej\u015bciowych <strong>24V DC<\/strong><br \/>\n&#8211; o stykach wyj\u015bciowych w konfiguracji <strong>1NO<\/strong> o napi\u0119ciu maks. <strong>39V DC<\/strong><br \/>\n&#8211; zabezpieczonych przed przeci\u0105\u017ceniem, b\u0105d\u017a zwarciem wyj\u015bcia<\/li>\n<li>Z r\u00f3\u017cn\u0105 konfiguracj\u0105 z\u0142\u0105cz wej\u015bciowych i wej\u015bciowych:<br \/>\n&#8211; samozaciskowe z\u0142\u0105cza <strong>WAGO CageClamp<\/strong> na przewody,<br \/>\n&#8211; roz\u0142\u0105czne z\u0142\u0105cza <strong>WAGO CageClamp<\/strong>,<br \/>\n&#8211; z\u0142\u0105cza szufladowe <strong>CANNON<\/strong>,<br \/>\n&#8211; z\u0142\u0105cza \u015brubowe <strong>WAGO<\/strong>,<br \/>\n&#8211; z\u0142\u0105cza ta\u015bmowe <strong>IDC<\/strong> z wyrzutnikiem.<\/li>\n<li>Na <b>specjalne \u017cyczenie<\/b> tak\u017ce inne konfiguracje listew przeka\u017anikowych.<\/li>\n<\/ul>\n<\/div>\n<h2>\u00a0Produkcja wyrob\u00f3w specjalnych<\/h2>\n<ul>\n<li>Sygnalizatory d\u017awi\u0119kowe: <strong>ES-022-48<\/strong>, <strong>ES-022-230<\/strong>, <strong>BU-1<\/strong>, <strong>BU-2<\/strong>,<strong>BU-6<\/strong><a href=\"https:\/\/elbok.com.pl\/w\/wp-content\/uploads\/2015\/05\/wc-01.png\"><img loading=\"lazy\" decoding=\"async\" class=\"wp-image-345 size-medium alignright\" src=\"https:\/\/elbok.com.pl\/w\/wp-content\/uploads\/2015\/05\/wc-01-300x225.png\" alt=\"\" width=\"300\" height=\"225\" srcset=\"https:\/\/elbok.com.pl\/w\/wp-content\/uploads\/2015\/05\/wc-01-300x225.png 300w, https:\/\/elbok.com.pl\/w\/wp-content\/uploads\/2015\/05\/wc-01-325x244.png 325w, https:\/\/elbok.com.pl\/w\/wp-content\/uploads\/2015\/05\/wc-01-454x341.png 454w, https:\/\/elbok.com.pl\/w\/wp-content\/uploads\/2015\/05\/wc-01-512x384.png 512w, https:\/\/elbok.com.pl\/w\/wp-content\/uploads\/2015\/05\/wc-01-200x150.png 200w, https:\/\/elbok.com.pl\/w\/wp-content\/uploads\/2015\/05\/wc-01-150x113.png 150w, https:\/\/elbok.com.pl\/w\/wp-content\/uploads\/2015\/05\/wc-01.png 640w\" sizes=\"auto, (max-width: 300px) 100vw, 300px\" \/><\/a><br \/>\n&#8211; o du\u017cym nat\u0119\u017ceniu d\u017awi\u0119ku przy niskim poborze mocy.<\/li>\n<li>Wska\u017aniki cyfrowe z wej\u015bciami analogowymi: <strong>WC-01<\/strong>, <strong>WC-01 MINI<\/strong>.<\/li>\n<li>Wska\u017aniki z linijk\u0105 \u015bwietln\u0105 (bargraf) z wej\u015bciami analogowymi: <strong>WC-05-1L<\/strong>, <strong>WC-05-2L<\/strong>.<\/li>\n<li>Kontrolery wk\u0142adek bezpiecznikowych <strong>WPB6-1<\/strong> (dla obwod\u00f3w tr\u00f3jfazowych) oraz <strong>SPB8-1<\/strong> (dla obwod\u00f3w jednofazowych) z mo\u017cliwo\u015bci\u0105 odczytu stanu poprzez <strong>MODBUS RTU<\/strong> lub <strong>PROFIBUS<\/strong>.<\/li>\n<li>Koncentrator <strong>K-1500<\/strong>\u00a0oraz dodatkowe modu\u0142y:\u00a0<strong>LD-16<\/strong>, <strong>LD-48<\/strong>, <strong>WC-02-4K\/6K<\/strong>, <strong>WD32-1<\/strong>.<br \/>\n&#8211; wsp\u00f3\u0142pracuj\u0105cy z kart\u0105 wyj\u015bciow\u0105 dowolnego sterownika (max. 32 kana\u0142y),<br \/>\n&#8211; diody LED s\u0105 sterowane z modu\u0142\u00f3w po\u015brednich, \u0142\u0105czonych cyfrow\u0105 magistral\u0105,<br \/>\n&#8211; zamiast diod lub razem z diodami mo\u017cna stosowa\u0107 cyfrowe wska\u017aniki alfanumeryczne <b>4<\/b> lub\u00a0<b>6<\/b> znakowe.<\/li>\n<li>Kontroler spadku obrot\u00f3w (cz\u0119stotliwo\u015bci): <strong>KSO-1<\/strong>.<\/li>\n<li>Kontroler kolejno\u015bci faz: <strong>KF-01<\/strong>.<\/li>\n<li>Inteligentne sterowniki mocy do zawor\u00f3w elektromagnetycznych: <strong>PSM-1<\/strong>, <strong>PSM-2<\/strong>.<\/li>\n<li>Niskonapi\u0119ciowe listwy bezpiecznikowe: <strong>WB12<\/strong>.<\/li>\n<li>Listwy separuj\u0105ce: <strong>WD10-1<\/strong>, <strong>WI2-1<\/strong>, <strong>WI8-1<\/strong>, <strong>WS24-A<\/strong>.<\/li>\n<li>Listwy \u0142\u0105cznikowe do sterownik\u00f3w: <strong>WS50-1<\/strong>, <strong>WS36-1<\/strong>.<\/li>\n<\/ul>\n<h2>Sprzeda\u017c zasilaczy impulsowych<\/h2>\n<ul>\n<li><strong>Jedno<\/strong> i <strong>wielonapi\u0119ciowe<\/strong> od <strong>15W<\/strong> do <strong>750W<\/strong>:<br \/>\n&#8211; montowanych na szyn\u0119 <strong>TS 35<\/strong>, w obudowach panelowych<br \/>\n&#8211; w wersjach <strong>do wsp\u00f3\u0142pracy r\u00f3wnoleg\u0142ej i z korekcj\u0105 PFC<\/strong>,<br \/>\n&#8211; <strong>z opcj\u0105 zasilania buforowego<\/strong> w przypadku braku napi\u0119cia sieciowego.<\/li>\n<li><strong>Przetwornic DC\/DC<\/strong> o mocy 10W z wyj\u015bciem wielonapi\u0119ciowym 10V-5V-2,5V.<\/li>\n<\/ul>\n<hr \/>\n<h2>Projektowanie i produkcja urz\u0105dze\u0144 elektronicznych na \u017cyczenie Klienta<\/h2>\n<div>\n<ul>\n<li>Urz\u0105dzenia analogowe i analogowo-cyfrowe,<\/li>\n<li>Urz\u0105dzenia sterowane mikrokontrolerami,<\/li>\n<li>Urz\u0105dzenia z uk\u0142adami logiki programowalnej FPGA.<\/li>\n<\/ul>\n<\/div>\n<h2>Monta\u017c kontraktowy<\/h2>\n<ul>\n<li>Monta\u017c element\u00f3w SMD na maszynach firmy Essemtec,<\/li>\n<li>Monta\u017c mieszany (SMD i THT),<\/li>\n<li>R\u00f3wnie\u017c kr\u00f3tkie serie.<\/li>\n<\/ul>\n<div>\n<hr \/>\n<h4><strong>Zapewniamy fachowy serwis gwarancyjny i pogwarancyjny<\/strong><\/h4>\n<\/div>\n<p>&nbsp;<\/p>\n","protected":false},"excerpt":{"rendered":"<p>Profil dzia\u0142alno\u015bci Naszymi sztandarowymi produktami s\u0105 kasety synoptyczne, uniwersalne kontrolki LED pracuj\u0105ce w szerokim zakresie &hellip;<\/p>\n","protected":false},"author":1,"featured_media":0,"parent":2,"menu_order":1,"comment_status":"closed","ping_status":"closed","template":"","meta":{"footnotes":"","_wp_rev_ctl_limit":""},"class_list":["post-70","page","type-page","status-publish","hentry"],"_links":{"self":[{"href":"https:\/\/elbok.com.pl\/w\/wp-json\/wp\/v2\/pages\/70","targetHints":{"allow":["GET"]}}],"collection":[{"href":"https:\/\/elbok.com.pl\/w\/wp-json\/wp\/v2\/pages"}],"about":[{"href":"https:\/\/elbok.com.pl\/w\/wp-json\/wp\/v2\/types\/page"}],"author":[{"embeddable":true,"href":"https:\/\/elbok.com.pl\/w\/wp-json\/wp\/v2\/users\/1"}],"replies":[{"embeddable":true,"href":"https:\/\/elbok.com.pl\/w\/wp-json\/wp\/v2\/comments?post=70"}],"version-history":[{"count":2,"href":"https:\/\/elbok.com.pl\/w\/wp-json\/wp\/v2\/pages\/70\/revisions"}],"predecessor-version":[{"id":1365,"href":"https:\/\/elbok.com.pl\/w\/wp-json\/wp\/v2\/pages\/70\/revisions\/1365"}],"up":[{"embeddable":true,"href":"https:\/\/elbok.com.pl\/w\/wp-json\/wp\/v2\/pages\/2"}],"wp:attachment":[{"href":"https:\/\/elbok.com.pl\/w\/wp-json\/wp\/v2\/media?parent=70"}],"curies":[{"name":"wp","href":"https:\/\/api.w.org\/{rel}","templated":true}]}}