{"id":57,"date":"2015-04-28T06:17:58","date_gmt":"2015-04-28T04:17:58","guid":{"rendered":"https:\/\/elbok.com.pl\/w\/?page_id=57"},"modified":"2024-01-19T13:11:31","modified_gmt":"2024-01-19T12:11:31","slug":"wskazniki-i-bargrafy","status":"publish","type":"page","link":"https:\/\/elbok.com.pl\/w\/produkty\/wskazniki-i-bargrafy\/","title":{"rendered":"Wska\u017aniki i bargrafy"},"content":{"rendered":"<h1>Wska\u017aniki i bargrafy<\/h1>\n<h2>Przeznaczenie<\/h2>\n<p><strong>Wska\u017aniki analogowo-cyfrowe<\/strong> przeznaczone s\u0105 do wy\u015bwietlania informacji o dostarczonym sygnale analogowym w postaci liczbowej lub w postaci linijki diodowej (bargraf). Sygna\u0142em takim mo\u017ce by\u0107 napi\u0119cie albo pr\u0105d jaki dostarczaj\u0105 czujniki z wyj\u015bciem analogowym lub te\u017c analogowe karty wyj\u015bciowe r\u00f3\u017cnego rodzaju sterownik\u00f3w.<\/p>\n<h2>Obecnie produkowane wska\u017aniki i bragrafy<\/h2>\n<div>\n<table width=\"100%\" cellspacing=\"0\" align=\"center\">\n<tbody>\n<tr>\n<td>WSKA\u0179NIKI I BARGRAFY<\/td>\n<\/tr>\n<\/tbody>\n<\/table>\n<table style=\"width: 100%; height: 695px;\" width=\"100%\" cellspacing=\"0\" align=\"center\">\n<thead>\n<tr style=\"height: 25px;\">\n<td style=\"height: 25px; width: 18.6298%;\">TYP<\/td>\n<td style=\"height: 25px; width: 61.2981%;\">PODSTAWOWE PARAMETRY TECHNICZNE<\/td>\n<td style=\"height: 25px; width: 20%;\" width=\"20%\">DOKUMENTACJA<\/td>\n<\/tr>\n<\/thead>\n<tbody>\n<tr style=\"background-color: #fffcad;\">\n<td style=\"height: 86px; width: 18.6298%;\">\n<p><a href=\"https:\/\/elbok.com.pl\/w\/wp-content\/uploads\/2022\/10\/wc-01-cpu.png\"><img loading=\"lazy\" decoding=\"async\" class=\"alignnone wp-image-1308 size-medium\" src=\"https:\/\/elbok.com.pl\/w\/wp-content\/uploads\/2022\/10\/wc-01-cpu-300x208.png\" alt=\"Wska\u017anik cyfrowy WC-01\" width=\"300\" height=\"208\" srcset=\"https:\/\/elbok.com.pl\/w\/wp-content\/uploads\/2022\/10\/wc-01-cpu-300x208.png 300w, https:\/\/elbok.com.pl\/w\/wp-content\/uploads\/2022\/10\/wc-01-cpu-768x533.png 768w, https:\/\/elbok.com.pl\/w\/wp-content\/uploads\/2022\/10\/wc-01-cpu-325x225.png 325w, https:\/\/elbok.com.pl\/w\/wp-content\/uploads\/2022\/10\/wc-01-cpu-454x315.png 454w, https:\/\/elbok.com.pl\/w\/wp-content\/uploads\/2022\/10\/wc-01-cpu-512x355.png 512w, https:\/\/elbok.com.pl\/w\/wp-content\/uploads\/2022\/10\/wc-01-cpu.png 800w\" sizes=\"auto, (max-width: 300px) 100vw, 300px\" \/><\/a><\/p>\n<p style=\"text-align: center;\"><strong>WC-01<\/strong><\/p>\n<p style=\"text-align: center;\"><strong>WC-01-MINI<\/strong><\/p>\n<\/td>\n<td style=\"height: 86px; width: 61.2981%;\">\n<ul>\n<li>rodzaj wej\u015b\u0107: <strong>pr\u0105dowe, napi\u0119ciowe<\/strong><\/li>\n<li>zakres pracy wej\u015bcia pr\u0105dowego: <strong>4-20mA DC<\/strong> lub <strong>0-20mA DC<\/strong><\/li>\n<li>zakres pracy wej\u015bcia napi\u0119ciowego: <strong>0-10V DC<\/strong><\/li>\n<li>spos\u00f3b wskaza\u0144: <strong>4 poz. wy\u015bwietlacz alfanumeryczny LED<\/strong><\/li>\n<li>mo\u017cliwo\u015b\u0107 zaprogramowania warto\u015bci wskaza\u0144 &#8211; mapowanie zakresu<\/li>\n<li>mo\u017cliwo\u015b\u0107 re-kalibracji w celu zmiany zakresu<\/li>\n<li>konfiguracja z klawiatury<\/li>\n<li>dost\u0119pna te\u017c wersja <strong>MINI<\/strong> o zmniejszonych wymiarach<\/li>\n<li>kolor wy\u015bwietlania: <strong>czerwony<\/strong><\/li>\n<li>napi\u0119cie zasilania: <strong>24V DC<\/strong><\/li>\n<\/ul>\n<\/td>\n<td style=\"text-align: center; height: 86px; width: 20%;\">\n<p><a href=\"https:\/\/elbok.com.pl\/w\/wp-content\/uploads\/2024\/01\/wsk_wc01_mini.pdf\"><img loading=\"lazy\" decoding=\"async\" class=\"alignnone wp-image-352 size-full\" src=\"https:\/\/elbok.com.pl\/w\/wp-content\/uploads\/2015\/05\/pdf.png\" alt=\"\" width=\"48\" height=\"48\" \/><\/a><\/p>\n<p><a href=\"https:\/\/elbok.com.pl\/w\/wp-content\/uploads\/2024\/01\/wsk_wc01_mini.pdf\">Pobierz<\/a><\/p>\n<\/td>\n<\/tr>\n<tr style=\"height: 15px;\">\n<td style=\"height: 10px; width: 99.9279%;\" colspan=\"3\">\n<p style=\"text-align: right;\">.: Kategoria: Wyroby specjalne :: <a href=\"mailto:biuro@elbok.com.pl?subject=Pytanie%20o%20WC-01\">Zapytaj o ten produkt<\/a> :.<\/p>\n<\/td>\n<\/tr>\n<tr style=\"height: 211px;\">\n<td style=\"height: 211px; width: 18.6298%;\">\n<p>&nbsp;<\/p>\n<p><a href=\"https:\/\/elbok.com.pl\/w\/wp-content\/uploads\/2015\/05\/wc-04.png\"><img loading=\"lazy\" decoding=\"async\" class=\"aligncenter wp-image-348 size-thumbnail\" src=\"https:\/\/elbok.com.pl\/w\/wp-content\/uploads\/2015\/05\/wc-04-150x150.png\" alt=\"Bargraf dwukana\u0142owy\" width=\"150\" height=\"150\" \/><\/a><\/p>\n<p style=\"text-align: center;\"><strong>WC-04<\/strong><\/p>\n<\/td>\n<td style=\"height: 211px; width: 61.2981%;\">\n<ul>\n<li>rodzaj wej\u015b\u0107: <strong>pr\u0105dowe, 2 kana\u0142y<\/strong><\/li>\n<li>zakres pracy wej\u015bcia pr\u0105dowego: <strong>4-20mA DC<\/strong><\/li>\n<li>spos\u00f3b wskaza\u0144: <strong>podw\u00f3jny bargraf<\/strong><\/li>\n<li><strong>sygnalizacja przekroczenia zakresu<\/strong><\/li>\n<li>mo\u017cliwo\u015b\u0107 rekalibracji w celu zmiany zakresu<\/li>\n<li>kolor wy\u015bwietlania: <strong>zielony i z\u00f3\u0142ty<\/strong><\/li>\n<li>napi\u0119cie zasilania: <strong>24V DC<\/strong><\/li>\n<\/ul>\n<\/td>\n<td style=\"text-align: center; height: 211px; width: 20%;\" align=\"middle\"><a href=\"https:\/\/elbok.com.pl\/w\/wp-content\/uploads\/2015\/05\/ws_wc-04.pdf\"><img loading=\"lazy\" decoding=\"async\" class=\"aligncenter wp-image-352 size-full\" src=\"https:\/\/elbok.com.pl\/w\/wp-content\/uploads\/2015\/05\/pdf.png\" alt=\"pdf\" width=\"48\" height=\"48\" \/><\/a><a href=\"https:\/\/elbok.com.pl\/w\/wp-content\/uploads\/2015\/05\/ws_wc-04.pdf\">Pobierz<\/a><\/td>\n<\/tr>\n<tr style=\"height: 25px;\">\n<td style=\"text-align: right; height: 25px; width: 99.9279%;\" colspan=\"3\">.: Kategoria: Wyroby specjalne :: <a href=\"mailto:biuro@elbok.com.pl?subject=Pytanie%20o%20WC-04\">Zapytaj o ten produkt<\/a> :.<\/td>\n<\/tr>\n<tr>\n<td style=\"height: 313px; width: 18.6298%;\">\n<p>&nbsp;<\/p>\n<p><a href=\"https:\/\/elbok.com.pl\/w\/wp-content\/uploads\/2015\/05\/wc-05.png\"><img loading=\"lazy\" decoding=\"async\" class=\"aligncenter wp-image-349 size-thumbnail\" src=\"https:\/\/elbok.com.pl\/w\/wp-content\/uploads\/2015\/05\/wc-05-150x150.png\" alt=\"Bargraf z wej\u015bciem analogowym\" width=\"150\" height=\"150\" \/><\/a><\/p>\n<p style=\"text-align: center;\"><strong>WC-05-1L\u00a0<\/strong><br \/>\n<strong>WC-05-2L<\/strong><\/p>\n<\/td>\n<td style=\"height: 313px; width: 61.2981%;\">\n<ul>\n<li>rodzaj wej\u015b\u0107: <strong>pr\u0105dowe lub napi\u0119ciowe, 2 kana\u0142y<\/strong><\/li>\n<li>zakres pracy wej\u015b\u0107 pr\u0105dowych: <strong>4-20mA DC<\/strong><\/li>\n<li>zakres pracy wej\u015b\u0107 napi\u0119ciowych: <strong>0-10V DC<\/strong><\/li>\n<li>spos\u00f3b wskaza\u0144: <strong>pojedynczy<\/strong> lub <strong>podw\u00f3jny bargraf<\/strong> 16 punktowy<\/li>\n<li><strong>dwa poziomy jasno\u015bci<\/strong><\/li>\n<li><strong>sygnalizacja przekroczenia zakresu<\/strong><\/li>\n<li>programowalne zestyki przeka\u017anika <strong>NO<\/strong> lub <strong>NZ<\/strong><\/li>\n<li>mo\u017cliwo\u015b\u0107 rekalibracji w celu zmiany zakresu<\/li>\n<li>kolor wy\u015bwietlania: <strong>zielony i \u017a\u00f3\u0142ty<\/strong> (lub inny, do wyboru: czerwony, zielony, niebieski, \u017c\u00f3\u0142ty lub mieszany)<\/li>\n<li>napi\u0119cie zasilania: <strong>24V DC<\/strong><\/li>\n<\/ul>\n<\/td>\n<td style=\"height: 313px; width: 20%;\" align=\"middle\">\n<p style=\"text-align: center;\">WC-05-1L<br \/>\n<a href=\"https:\/\/elbok.com.pl\/w\/wp-content\/uploads\/2015\/05\/ws_wc-05-1l.pdf\"><img loading=\"lazy\" decoding=\"async\" class=\"aligncenter wp-image-352 size-full\" src=\"https:\/\/elbok.com.pl\/w\/wp-content\/uploads\/2015\/05\/pdf.png\" alt=\"\" width=\"48\" height=\"48\" \/><\/a><a href=\"https:\/\/elbok.com.pl\/w\/wp-content\/uploads\/2015\/05\/ws_wc-05-1l.pdf\">Pobierz<\/a><\/p>\n<p style=\"text-align: center;\">WC-05-2L<br \/>\n<a href=\"https:\/\/elbok.com.pl\/w\/wp-content\/uploads\/2015\/05\/ws_wc-05-2l.pdf\"><img loading=\"lazy\" decoding=\"async\" class=\"aligncenter wp-image-352 size-full\" src=\"https:\/\/elbok.com.pl\/w\/wp-content\/uploads\/2015\/05\/pdf.png\" alt=\"\" width=\"48\" height=\"48\" \/><\/a><\/p>\n<p style=\"text-align: center;\"><a href=\"https:\/\/elbok.com.pl\/w\/wp-content\/uploads\/2015\/05\/ws_wc-05-2l.pdf\">Pobierz<\/a><\/p>\n<\/td>\n<\/tr>\n<tr style=\"height: 25px;\">\n<td style=\"text-align: right; height: 25px; width: 99.9279%;\" colspan=\"3\">.: Kategoria: Wyroby specjalne :: <a href=\"mailto:biuro@elbok.com.pl?subject=Pytanie%20o%20WC-05\">Zapytaj o ten produkt<\/a> :.<\/td>\n<\/tr>\n<\/tbody>\n<\/table>\n<\/div>\n","protected":false},"excerpt":{"rendered":"<p>Wska\u017aniki i bargrafy Przeznaczenie Wska\u017aniki analogowo-cyfrowe przeznaczone s\u0105 do wy\u015bwietlania informacji o dostarczonym sygnale analogowym &hellip;<\/p>\n","protected":false},"author":1,"featured_media":0,"parent":14,"menu_order":9,"comment_status":"closed","ping_status":"open","template":"","meta":{"footnotes":"","_wp_rev_ctl_limit":""},"class_list":["post-57","page","type-page","status-publish","hentry"],"_links":{"self":[{"href":"https:\/\/elbok.com.pl\/w\/wp-json\/wp\/v2\/pages\/57","targetHints":{"allow":["GET"]}}],"collection":[{"href":"https:\/\/elbok.com.pl\/w\/wp-json\/wp\/v2\/pages"}],"about":[{"href":"https:\/\/elbok.com.pl\/w\/wp-json\/wp\/v2\/types\/page"}],"author":[{"embeddable":true,"href":"https:\/\/elbok.com.pl\/w\/wp-json\/wp\/v2\/users\/1"}],"replies":[{"embeddable":true,"href":"https:\/\/elbok.com.pl\/w\/wp-json\/wp\/v2\/comments?post=57"}],"version-history":[{"count":0,"href":"https:\/\/elbok.com.pl\/w\/wp-json\/wp\/v2\/pages\/57\/revisions"}],"up":[{"embeddable":true,"href":"https:\/\/elbok.com.pl\/w\/wp-json\/wp\/v2\/pages\/14"}],"wp:attachment":[{"href":"https:\/\/elbok.com.pl\/w\/wp-json\/wp\/v2\/media?parent=57"}],"curies":[{"name":"wp","href":"https:\/\/api.w.org\/{rel}","templated":true}]}}