{"id":55,"date":"2015-04-28T06:17:18","date_gmt":"2015-04-28T04:17:18","guid":{"rendered":"https:\/\/elbok.com.pl\/w\/?page_id=55"},"modified":"2022-10-07T09:03:58","modified_gmt":"2022-10-07T07:03:58","slug":"koncentratory-synoptyczne","status":"publish","type":"page","link":"https:\/\/elbok.com.pl\/w\/produkty\/koncentratory-synoptyczne\/","title":{"rendered":"Koncentratory synoptykowe"},"content":{"rendered":"<h1>Koncentratory synoptykowe<\/h1>\n<h2>Przeznaczenie<\/h2>\n<p><strong>Koncentrator<\/strong> przeznaczony jest do po\u015bredniczenia pomi\u0119dzy kartami sterowniczymi, a elementami \u015bwietlnymi &#8211; kontrolki LED, wy\u015bwietlacze &#8211; na tablicach synoptycznych. Zapewnia ci\u0105g\u0142o\u015b\u0107 wy\u015bwietlania informacji na tablicy, bez aktywnego udzia\u0142u sterownika, gdy\u017c wyposa\u017cony jest w pami\u0119\u0107 ostatniego stanu synoptyka. Zastosowanie szeregowej transmisji pomi\u0119dzy poszczeg\u00f3lnymi modu\u0142ami upraszcza znacznie spos\u00f3b okablowania takiej tablicy.<\/p>\n<p>Zestawy mog\u0105 sk\u0142ada\u0107 si\u0119 z:<\/p>\n<ul>\n<li>modu\u0142u sterowniczego &#8211; <strong>koncentratora K1500<\/strong>, kt\u00f3ry komunikuje si\u0119 bezpo\u015brednio ze wyj\u015bciem zewn\u0119trznego sterownika,<\/li>\n<li>modu\u0142\u00f3w sterowniczych diod LED <strong>LD-16\/48<\/strong> pozwalaj\u0105cych na wy\u015bwietlanie diod w czterech stanach:\n<ul>\n<li><strong>L<\/strong> &#8211; dioda nie \u015bwieci,<\/li>\n<li><strong>H<\/strong> &#8211; dioda \u015bwieci \u015bwiat\u0142em ci\u0105g\u0142ym,<\/li>\n<li><strong>4<\/strong> &#8211; dioda pulsuje z cz\u0119stotliwo\u015bci\u0105 4Hz,<\/li>\n<li><strong>1<\/strong> &#8211; dioda pulsuje z cz\u0119stotliwo\u015bci\u0105 1Hz,<\/li>\n<\/ul>\n<\/li>\n<li>modu\u0142\u00f3w wy\u015bwietlaczy alfanumerycznych <strong>WC-02-4K\/6K<\/strong> pozwalaj\u0105cych na wy\u015bwietlanie informacji alfanumerycznych\u00a0na 4 lub 6 polach wy\u015bwietlacza,<\/li>\n<li>animatora <strong>WD32-1<\/strong> pozwalaj\u0105cego na utworzeniu na tablicy animowanych, diodowych \u015bcie\u017cek przep\u0142ywu,<\/li>\n<li>magistrali szeregowej (terminowanej) \u0142\u0105cz\u0105cej koncentrator z w\/w modu\u0142ami.<\/li>\n<\/ul>\n<h2>Obecnie produkowane modu\u0142y<\/h2>\n<div>\n<table width=\"100%\" cellspacing=\"0\" align=\"center\">\n<tbody>\n<tr>\n<td>KONCENTRATORY I AKCESORIA<\/td>\n<\/tr>\n<\/tbody>\n<\/table>\n<table width=\"100%\" cellspacing=\"0\" align=\"center\">\n<tbody>\n<tr>\n<td>TYP<\/td>\n<td>PODSTAWOWE PARAMETRY TECHNICZNE<\/td>\n<td width=\"20%\">DOKUMENTACJA<\/td>\n<\/tr>\n<tr>\n<td>\n<p><a href=\"https:\/\/elbok.com.pl\/w\/wp-content\/uploads\/2015\/05\/k1500.png\"><img loading=\"lazy\" decoding=\"async\" class=\"aligncenter wp-image-342\" title=\"Koncentrator synoptyczny K1500\" src=\"https:\/\/elbok.com.pl\/w\/wp-content\/uploads\/2015\/05\/k1500.png\" alt=\"Koncentrator synoptyczny K1500\" width=\"120\" height=\"80\" srcset=\"https:\/\/elbok.com.pl\/w\/wp-content\/uploads\/2015\/05\/k1500.png 717w, https:\/\/elbok.com.pl\/w\/wp-content\/uploads\/2015\/05\/k1500-325x218.png 325w, https:\/\/elbok.com.pl\/w\/wp-content\/uploads\/2015\/05\/k1500-454x304.png 454w, https:\/\/elbok.com.pl\/w\/wp-content\/uploads\/2015\/05\/k1500-512x343.png 512w, https:\/\/elbok.com.pl\/w\/wp-content\/uploads\/2015\/05\/k1500-300x201.png 300w, https:\/\/elbok.com.pl\/w\/wp-content\/uploads\/2015\/05\/k1500-224x150.png 224w, https:\/\/elbok.com.pl\/w\/wp-content\/uploads\/2015\/05\/k1500-150x100.png 150w\" sizes=\"auto, (max-width: 120px) 100vw, 120px\" \/><\/a><\/p>\n<p style=\"text-align: center;\"><strong>Koncentrator<br \/>\nK1500<\/strong><\/p>\n<\/td>\n<td>\n<ul>\n<li>ilo\u015b\u0107 wej\u015b\u0107 z karty sterownika: <strong>32<\/strong><\/li>\n<li>ilo\u015b\u0107 obs\u0142ugiwanych kontrolek (max): <strong>1536<\/strong><\/li>\n<li>napi\u0119cie zasilania: <strong>5V DC<\/strong><\/li>\n<li>cz\u0119stotliwo\u015b\u0107 od\u015bwie\u017cania synoptyka: <strong>200Hz<\/strong><\/li>\n<\/ul>\n<\/td>\n<td align=\"center\"><img loading=\"lazy\" decoding=\"async\" class=\"alignnone size-full wp-image-1204\" src=\"https:\/\/elbok.com.pl\/w\/wp-content\/uploads\/2022\/10\/no_pdf.png\" alt=\"\" width=\"48\" height=\"48\" \/><\/td>\n<\/tr>\n<tr>\n<td style=\"text-align: right;\" colspan=\"4\">.: Kategoria: Wyroby specjalne :: <a href=\"mailto:biuro@elbok.com.pl?subject=Pytanie%20o%20koncentrator%20K-1500\">Zapytaj o ten produkt<\/a> :.<\/td>\n<\/tr>\n<tr>\n<td>\n<p><img loading=\"lazy\" decoding=\"async\" class=\"aligncenter wp-image-328 size-full\" src=\"https:\/\/elbok.com.pl\/w\/wp-content\/uploads\/2015\/05\/brakfoto.png\" alt=\"brakfoto\" width=\"88\" height=\"64\" \/><\/p>\n<p style=\"text-align: center;\"><strong>Animator WD32-1<\/strong><\/p>\n<\/td>\n<td>\n<ul>\n<li>ilo\u015b\u0107 obs\u0142ugiwanych kontrolek (max): <strong>32<\/strong> \u015bcie\u017cki po 12 kontrolek<\/li>\n<li>napi\u0119cie zasilania: <strong>5V DC<\/strong><\/li>\n<\/ul>\n<\/td>\n<td align=\"center\"><img loading=\"lazy\" decoding=\"async\" class=\"alignnone size-full wp-image-1204\" src=\"https:\/\/elbok.com.pl\/w\/wp-content\/uploads\/2022\/10\/no_pdf.png\" alt=\"\" width=\"48\" height=\"48\" \/><\/td>\n<\/tr>\n<tr>\n<td style=\"text-align: right;\" colspan=\"4\">.: Kategoria: Wyroby specjalne :: <a href=\"mailto:biuro@elbok.com.pl?subject=Pytanie%20o%20WD32-1\">Zapytaj o ten produkt<\/a> :.<\/td>\n<\/tr>\n<tr>\n<td>\n<p><a href=\"https:\/\/elbok.com.pl\/w\/wp-content\/uploads\/2015\/05\/ld12-1.png\"><img loading=\"lazy\" decoding=\"async\" class=\"aligncenter wp-image-339\" title=\"Listwa programuj\u0105ca LD12-1\" src=\"https:\/\/elbok.com.pl\/w\/wp-content\/uploads\/2015\/05\/ld12-1.png\" alt=\"Listwa programuj\u0105ca LD12-1\" width=\"120\" height=\"90\" srcset=\"https:\/\/elbok.com.pl\/w\/wp-content\/uploads\/2015\/05\/ld12-1.png 640w, https:\/\/elbok.com.pl\/w\/wp-content\/uploads\/2015\/05\/ld12-1-325x244.png 325w, https:\/\/elbok.com.pl\/w\/wp-content\/uploads\/2015\/05\/ld12-1-454x341.png 454w, https:\/\/elbok.com.pl\/w\/wp-content\/uploads\/2015\/05\/ld12-1-512x384.png 512w, https:\/\/elbok.com.pl\/w\/wp-content\/uploads\/2015\/05\/ld12-1-300x225.png 300w, https:\/\/elbok.com.pl\/w\/wp-content\/uploads\/2015\/05\/ld12-1-200x150.png 200w, https:\/\/elbok.com.pl\/w\/wp-content\/uploads\/2015\/05\/ld12-1-150x113.png 150w\" sizes=\"auto, (max-width: 120px) 100vw, 120px\" \/><\/a><\/p>\n<p style=\"text-align: center;\"><strong>LD12-1<\/strong><\/p>\n<\/td>\n<td>\n<ul>\n<li>listwa programuj\u0105ca do <strong>WD32-1<\/strong><\/li>\n<\/ul>\n<\/td>\n<td align=\"center\"><img loading=\"lazy\" decoding=\"async\" class=\"alignnone size-full wp-image-1204\" src=\"https:\/\/elbok.com.pl\/w\/wp-content\/uploads\/2022\/10\/no_pdf.png\" alt=\"\" width=\"48\" height=\"48\" \/><\/td>\n<\/tr>\n<tr>\n<td style=\"text-align: right;\" colspan=\"4\">.: Kategoria: Wyroby specjalne :: <a href=\"mailto:biuro@elbok.com.pl?subject=Pytanie%20o%20LD12-1\">Zapytaj o ten produkt<\/a> :.<\/td>\n<\/tr>\n<\/tbody>\n<\/table>\n<\/div>\n<p>&nbsp;<\/p>\n<div>\n<table width=\"100%\" cellspacing=\"0\" align=\"center\">\n<tbody>\n<tr>\n<td>MODU\u0141Y<\/td>\n<\/tr>\n<\/tbody>\n<\/table>\n<table width=\"100%\" cellspacing=\"0\" align=\"center\">\n<tbody>\n<tr>\n<td>TYP<\/td>\n<td>PODSTAWOWE PARAMETRY TECHNICZNE<\/td>\n<td width=\"20%\">DOKUMENTACJA<\/td>\n<\/tr>\n<tr>\n<td>\n<p><img loading=\"lazy\" decoding=\"async\" class=\"aligncenter wp-image-328 size-full\" src=\"https:\/\/elbok.com.pl\/w\/wp-content\/uploads\/2015\/05\/brakfoto.png\" alt=\"brakfoto\" width=\"88\" height=\"64\" \/><\/p>\n<p style=\"text-align: center;\"><strong>LD-16<\/strong><\/p>\n<\/td>\n<td>\n<ul>\n<li>ilo\u015b\u0107 obs\u0142ugiwanych kontrolek (max): <strong>16<\/strong><\/li>\n<li>napi\u0119cie zasilania: <strong>5V DC<\/strong><\/li>\n<\/ul>\n<\/td>\n<td align=\"center\"><img loading=\"lazy\" decoding=\"async\" class=\"alignnone size-full wp-image-1204\" src=\"https:\/\/elbok.com.pl\/w\/wp-content\/uploads\/2022\/10\/no_pdf.png\" alt=\"\" width=\"48\" height=\"48\" \/><\/td>\n<\/tr>\n<tr>\n<td style=\"text-align: right;\" colspan=\"4\">.: Kategoria: Wyroby specjalne :: <a href=\"mailto:biuro@elbok.com.pl?subject=Pytanie%20o%20LD-16\">Zapytaj o ten produkt<\/a> :.<\/td>\n<\/tr>\n<tr>\n<td>\n<p><img loading=\"lazy\" decoding=\"async\" class=\"aligncenter size-full wp-image-328\" src=\"https:\/\/elbok.com.pl\/w\/wp-content\/uploads\/2015\/05\/brakfoto.png\" alt=\"brakfoto\" width=\"88\" height=\"64\" \/><\/p>\n<p style=\"text-align: center;\"><strong>LD-48<\/strong><\/p>\n<\/td>\n<td>\n<ul>\n<li>ilo\u015b\u0107 obs\u0142ugiwanych kontrolek (max): <strong>48<\/strong><\/li>\n<li>napi\u0119cie zasilania: <strong>5V DC<\/strong><\/li>\n<\/ul>\n<\/td>\n<td align=\"center\"><img loading=\"lazy\" decoding=\"async\" class=\"alignnone size-full wp-image-1204\" src=\"https:\/\/elbok.com.pl\/w\/wp-content\/uploads\/2022\/10\/no_pdf.png\" alt=\"\" width=\"48\" height=\"48\" \/><\/td>\n<\/tr>\n<tr>\n<td style=\"text-align: right;\" colspan=\"4\">.: Kategoria: Wyroby specjalne :: <a href=\"mailto:biuro@elbok.com.pl?subject=Pytanie%20o%20LD-48\">Zapytaj o ten produkt<\/a> :.<\/td>\n<\/tr>\n<tr>\n<td>\n<p><a href=\"https:\/\/elbok.com.pl\/w\/wp-content\/uploads\/2015\/05\/wc-02k-4k.png\"><img loading=\"lazy\" decoding=\"async\" class=\"aligncenter wp-image-340\" title=\"Wska\u017anik cyfrowy alfanumeryczny WC-02K-4K\" src=\"https:\/\/elbok.com.pl\/w\/wp-content\/uploads\/2015\/05\/wc-02k-4k.png\" alt=\"Wska\u017anik cyfrowy alfanumeryczny WC-02K-4K\" width=\"120\" height=\"90\" srcset=\"https:\/\/elbok.com.pl\/w\/wp-content\/uploads\/2015\/05\/wc-02k-4k.png 640w, https:\/\/elbok.com.pl\/w\/wp-content\/uploads\/2015\/05\/wc-02k-4k-325x244.png 325w, https:\/\/elbok.com.pl\/w\/wp-content\/uploads\/2015\/05\/wc-02k-4k-454x341.png 454w, https:\/\/elbok.com.pl\/w\/wp-content\/uploads\/2015\/05\/wc-02k-4k-512x384.png 512w, https:\/\/elbok.com.pl\/w\/wp-content\/uploads\/2015\/05\/wc-02k-4k-300x225.png 300w, https:\/\/elbok.com.pl\/w\/wp-content\/uploads\/2015\/05\/wc-02k-4k-200x150.png 200w, https:\/\/elbok.com.pl\/w\/wp-content\/uploads\/2015\/05\/wc-02k-4k-150x113.png 150w\" sizes=\"auto, (max-width: 120px) 100vw, 120px\" \/><\/a><\/p>\n<p style=\"text-align: center;\"><strong>WC-02-4K<\/strong><\/p>\n<\/td>\n<td>\n<ul>\n<li>ilo\u015b\u0107 znak\u00f3w (max): <strong>4<\/strong><\/li>\n<li>napi\u0119cie zasilania: <strong>5V DC<\/strong><\/li>\n<\/ul>\n<\/td>\n<td align=\"center\"><img loading=\"lazy\" decoding=\"async\" class=\"alignnone size-full wp-image-1204\" src=\"https:\/\/elbok.com.pl\/w\/wp-content\/uploads\/2022\/10\/no_pdf.png\" alt=\"\" width=\"48\" height=\"48\" \/><\/td>\n<\/tr>\n<tr>\n<td style=\"text-align: right;\" colspan=\"4\">.: Kategoria: Wyroby specjalne :: <a href=\"mailto:biuro@elbok.com.pl?subject=Pytanie%20o%20wskaznik%20WC-02K\">Zapytaj o ten produkt<\/a> :.<\/td>\n<\/tr>\n<tr>\n<td>\n<p><a href=\"https:\/\/elbok.com.pl\/w\/wp-content\/uploads\/2015\/05\/wc-02k-6k.png\"><img loading=\"lazy\" decoding=\"async\" class=\"aligncenter wp-image-341\" title=\"Wska\u017anik cyfrowy alfanumeryczny WC-02K-6K\" src=\"https:\/\/elbok.com.pl\/w\/wp-content\/uploads\/2015\/05\/wc-02k-6k.png\" alt=\"Wska\u017anik cyfrowy alfanumeryczny WC-02K-6K\" width=\"120\" height=\"90\" srcset=\"https:\/\/elbok.com.pl\/w\/wp-content\/uploads\/2015\/05\/wc-02k-6k.png 640w, https:\/\/elbok.com.pl\/w\/wp-content\/uploads\/2015\/05\/wc-02k-6k-325x244.png 325w, https:\/\/elbok.com.pl\/w\/wp-content\/uploads\/2015\/05\/wc-02k-6k-454x341.png 454w, https:\/\/elbok.com.pl\/w\/wp-content\/uploads\/2015\/05\/wc-02k-6k-512x384.png 512w, https:\/\/elbok.com.pl\/w\/wp-content\/uploads\/2015\/05\/wc-02k-6k-300x225.png 300w, https:\/\/elbok.com.pl\/w\/wp-content\/uploads\/2015\/05\/wc-02k-6k-200x150.png 200w, https:\/\/elbok.com.pl\/w\/wp-content\/uploads\/2015\/05\/wc-02k-6k-150x113.png 150w\" sizes=\"auto, (max-width: 120px) 100vw, 120px\" \/><\/a><\/p>\n<p style=\"text-align: center;\"><strong>WC-02-6K<\/strong><\/p>\n<\/td>\n<td>\n<ul>\n<li>ilo\u015b\u0107 znak\u00f3w (max): <strong>6<\/strong><\/li>\n<li>napi\u0119cie zasilania: <strong>5V DC<\/strong><\/li>\n<\/ul>\n<\/td>\n<td align=\"center\"><img loading=\"lazy\" decoding=\"async\" class=\"alignnone size-full wp-image-1204\" src=\"https:\/\/elbok.com.pl\/w\/wp-content\/uploads\/2022\/10\/no_pdf.png\" alt=\"\" width=\"48\" height=\"48\" \/><\/td>\n<\/tr>\n<tr>\n<td style=\"text-align: right;\" colspan=\"4\">.: Kategoria: Wyroby specjalne :: <a href=\"mailto:biuro@elbok.com.pl?subject=Pytanie%20o%20wskaznik%20WC-02K\">Zapytaj o ten produkt<\/a> :.<\/td>\n<\/tr>\n<\/tbody>\n<\/table>\n<\/div>\n","protected":false},"excerpt":{"rendered":"<p>Koncentratory synoptykowe Przeznaczenie Koncentrator przeznaczony jest do po\u015bredniczenia pomi\u0119dzy kartami sterowniczymi, a elementami \u015bwietlnymi &#8211; &hellip;<\/p>\n","protected":false},"author":1,"featured_media":0,"parent":14,"menu_order":8,"comment_status":"closed","ping_status":"open","template":"","meta":{"footnotes":"","_wp_rev_ctl_limit":""},"class_list":["post-55","page","type-page","status-publish","hentry"],"_links":{"self":[{"href":"https:\/\/elbok.com.pl\/w\/wp-json\/wp\/v2\/pages\/55","targetHints":{"allow":["GET"]}}],"collection":[{"href":"https:\/\/elbok.com.pl\/w\/wp-json\/wp\/v2\/pages"}],"about":[{"href":"https:\/\/elbok.com.pl\/w\/wp-json\/wp\/v2\/types\/page"}],"author":[{"embeddable":true,"href":"https:\/\/elbok.com.pl\/w\/wp-json\/wp\/v2\/users\/1"}],"replies":[{"embeddable":true,"href":"https:\/\/elbok.com.pl\/w\/wp-json\/wp\/v2\/comments?post=55"}],"version-history":[{"count":2,"href":"https:\/\/elbok.com.pl\/w\/wp-json\/wp\/v2\/pages\/55\/revisions"}],"predecessor-version":[{"id":1263,"href":"https:\/\/elbok.com.pl\/w\/wp-json\/wp\/v2\/pages\/55\/revisions\/1263"}],"up":[{"embeddable":true,"href":"https:\/\/elbok.com.pl\/w\/wp-json\/wp\/v2\/pages\/14"}],"wp:attachment":[{"href":"https:\/\/elbok.com.pl\/w\/wp-json\/wp\/v2\/media?parent=55"}],"curies":[{"name":"wp","href":"https:\/\/api.w.org\/{rel}","templated":true}]}}