{"id":51,"date":"2015-04-28T06:15:49","date_gmt":"2015-04-28T04:15:49","guid":{"rendered":"https:\/\/elbok.com.pl\/w\/?page_id=51"},"modified":"2022-10-07T08:59:36","modified_gmt":"2022-10-07T06:59:36","slug":"zasilacze","status":"publish","type":"page","link":"https:\/\/elbok.com.pl\/w\/produkty\/zasilacze\/","title":{"rendered":"Zasilacze"},"content":{"rendered":"<h1>Zasilacze przemys\u0142owe<\/h1>\n<h2>Przeznaczenie<\/h2>\n<p><strong>Zasilacz<\/strong> to podstawowy element dostarczaj\u0105cy napi\u0119cia zasilania dla zastosowanych urz\u0105dze\u0144. Do naszych urz\u0105dze\u0144 proponujemy Pa\u0144stwu szerok\u0105 gam\u0119 zasilaczy impulsowych o r\u00f3\u017cnej mocy i napi\u0119ciach wyj\u015bciowych. Wszystkie zasilacze posiadaj\u0105 obwody zabezpieczaj\u0105ce przed przepi\u0119ciami, zwarciem na wyj\u015bciu i poborem nadmiernej mocy (przeci\u0105\u017cenie zasilacza).<\/p>\n<h2>Zasilacze specjalne<\/h2>\n<p>Niekt\u00f3re z zasilaczy posiadaj\u0105 dodatkowe funkcje lub w\u0142a\u015bciwo\u015bci:<\/p>\n<ul>\n<li><strong>zasilacze PFC<\/strong>, posiadaj\u0105ce w obwodach wej\u015bciowych aktywne lub pasywne uk\u0142ady koryguj\u0105ce tzw. &#8222;wsp\u00f3\u0142czynnik mocy&#8221;, pozwalaj\u0105cy zmniejszy\u0107 straty mocy dostarczonej w stosunku do mocy oddanej,<\/li>\n<li><strong>zasilacze buforowe<\/strong>, kt\u00f3re wsp\u00f3\u0142pracuj\u0105 z zewn\u0119trznym akumulatorem, kt\u00f3ry w razie zaniku zasilania g\u0142\u00f3wnego dostarcza napi\u0119cia wyj\u015bciowego. Automatyka zasilacza dba o prze\u0142\u0105czanie \u017ar\u00f3de\u0142 jak i \u0142adowanie akumulatora w czasie normalnej pracy,<\/li>\n<li><strong>zasilacze do wsp\u00f3\u0142pracy r\u00f3wnoleg\u0142ej<\/strong>, kt\u00f3re mo\u017cna \u0142\u0105czy\u0107 r\u00f3wnolegle z innymi zasilaczami tego samego typu, w celu zwi\u0119kszenia dostarczanej mocy.<\/li>\n<\/ul>\n<h2>Najpopularniejsze zasilacze w ofercie<\/h2>\n<div>\n<table width=\"100%\" cellspacing=\"0\" align=\"center\">\n<tbody>\n<tr>\n<td>ZASILACZE ELBOK<\/td>\n<\/tr>\n<\/tbody>\n<\/table>\n<table width=\"100%\" cellspacing=\"0\" align=\"center\">\n<tbody>\n<tr>\n<td>TYP<\/td>\n<td>PODSTAWOWE PARAMETRY TECHNICZNE<\/td>\n<td width=\"20%\">DOKUMENTACJA<\/td>\n<\/tr>\n<tr>\n<td>\n<p><a href=\"https:\/\/elbok.com.pl\/w\/wp-content\/uploads\/2015\/05\/sps-25md-24.png\"><img loading=\"lazy\" decoding=\"async\" class=\"aligncenter wp-image-365\" title=\"Zasilacz SPS-25MD-24\" src=\"https:\/\/elbok.com.pl\/w\/wp-content\/uploads\/2015\/05\/sps-25md-24.png\" alt=\"Zasilacz SPS-25MD-24\" width=\"120\" height=\"90\" srcset=\"https:\/\/elbok.com.pl\/w\/wp-content\/uploads\/2015\/05\/sps-25md-24.png 640w, https:\/\/elbok.com.pl\/w\/wp-content\/uploads\/2015\/05\/sps-25md-24-325x244.png 325w, https:\/\/elbok.com.pl\/w\/wp-content\/uploads\/2015\/05\/sps-25md-24-454x341.png 454w, https:\/\/elbok.com.pl\/w\/wp-content\/uploads\/2015\/05\/sps-25md-24-512x384.png 512w, https:\/\/elbok.com.pl\/w\/wp-content\/uploads\/2015\/05\/sps-25md-24-300x225.png 300w, https:\/\/elbok.com.pl\/w\/wp-content\/uploads\/2015\/05\/sps-25md-24-200x150.png 200w, https:\/\/elbok.com.pl\/w\/wp-content\/uploads\/2015\/05\/sps-25md-24-150x113.png 150w\" sizes=\"auto, (max-width: 120px) 100vw, 120px\" \/><\/a><\/p>\n<p style=\"text-align: center;\"><strong>SPS-25MD-24<\/strong><\/p>\n<\/td>\n<td>\n<ul>\n<li>zasilanie: <strong>90-260V AC<\/strong><\/li>\n<li>napi\u0119cie wyj\u015bciowe: <strong>24V DC<\/strong><\/li>\n<li>pr\u0105d: <strong>max. 1 A<\/strong><\/li>\n<\/ul>\n<\/td>\n<td style=\"text-align: center;\" align=\"center\"><a href=\"https:\/\/elbok.com.pl\/w\/wp-content\/uploads\/2015\/05\/zi_sps-25m.pdf\"><img loading=\"lazy\" decoding=\"async\" class=\"aligncenter wp-image-352 size-full\" src=\"https:\/\/elbok.com.pl\/w\/wp-content\/uploads\/2015\/05\/pdf.png\" alt=\"pdf\" width=\"48\" height=\"48\" \/>Pobierz<\/a><\/td>\n<\/tr>\n<tr>\n<td style=\"text-align: right;\" colspan=\"4\">.: Kategoria: Zasilacze :: <a href=\"mailto:biuro@elbok.com.pl?subject=Pytanie%20o%20zasilacz%20SPS-25MD\">Zapytaj o ten produkt<\/a> :.<\/td>\n<\/tr>\n<tr>\n<td>\n<p><a href=\"https:\/\/elbok.com.pl\/w\/wp-content\/uploads\/2015\/05\/sps-62m-24.png\"><img loading=\"lazy\" decoding=\"async\" class=\"aligncenter wp-image-366\" title=\"Zasilacz SPS-62M-24\" src=\"https:\/\/elbok.com.pl\/w\/wp-content\/uploads\/2015\/05\/sps-62m-24.png\" alt=\"Zasilacz SPS-62M-24\" width=\"120\" height=\"90\" srcset=\"https:\/\/elbok.com.pl\/w\/wp-content\/uploads\/2015\/05\/sps-62m-24.png 640w, https:\/\/elbok.com.pl\/w\/wp-content\/uploads\/2015\/05\/sps-62m-24-325x244.png 325w, https:\/\/elbok.com.pl\/w\/wp-content\/uploads\/2015\/05\/sps-62m-24-454x341.png 454w, https:\/\/elbok.com.pl\/w\/wp-content\/uploads\/2015\/05\/sps-62m-24-512x384.png 512w, https:\/\/elbok.com.pl\/w\/wp-content\/uploads\/2015\/05\/sps-62m-24-300x225.png 300w, https:\/\/elbok.com.pl\/w\/wp-content\/uploads\/2015\/05\/sps-62m-24-200x150.png 200w, https:\/\/elbok.com.pl\/w\/wp-content\/uploads\/2015\/05\/sps-62m-24-150x113.png 150w\" sizes=\"auto, (max-width: 120px) 100vw, 120px\" \/><\/a><\/p>\n<p style=\"text-align: center;\"><strong>SPS-62M-24<\/strong><\/p>\n<\/td>\n<td>\n<ul>\n<li>zasilanie: <strong>90-260V AC<\/strong>, <strong>110-380V DC<br \/>\nnapi\u0119cie wyj\u015bciowe: <strong>24V DC<\/strong><br \/>\npr\u0105d: <strong>max. 2,5 A<\/strong><br \/>\n<\/strong><\/li>\n<\/ul>\n<\/td>\n<td align=\"center\"><img loading=\"lazy\" decoding=\"async\" class=\"alignnone size-full wp-image-1204\" src=\"https:\/\/elbok.com.pl\/w\/wp-content\/uploads\/2022\/10\/no_pdf.png\" alt=\"\" width=\"48\" height=\"48\" \/><\/td>\n<\/tr>\n<tr>\n<td style=\"text-align: right;\" colspan=\"4\">.: Kategoria: Zasilacze :: <a href=\"mailto:biuro@elbok.com.pl?subject=Pytanie%20o%20zasilacz%20SPS-62M\">Zapytaj o ten produkt<\/a> :.<\/td>\n<\/tr>\n<tr>\n<td>\n<p><a href=\"https:\/\/elbok.com.pl\/w\/wp-content\/uploads\/2015\/05\/sps-100mn-24.png\"><img loading=\"lazy\" decoding=\"async\" class=\"aligncenter wp-image-367\" title=\"Zasilacz SPS-100MN-24\" src=\"https:\/\/elbok.com.pl\/w\/wp-content\/uploads\/2015\/05\/sps-100mn-24.png\" alt=\"Zasilacz SPS-100MN-24\" width=\"120\" height=\"90\" srcset=\"https:\/\/elbok.com.pl\/w\/wp-content\/uploads\/2015\/05\/sps-100mn-24.png 640w, https:\/\/elbok.com.pl\/w\/wp-content\/uploads\/2015\/05\/sps-100mn-24-325x244.png 325w, https:\/\/elbok.com.pl\/w\/wp-content\/uploads\/2015\/05\/sps-100mn-24-454x341.png 454w, https:\/\/elbok.com.pl\/w\/wp-content\/uploads\/2015\/05\/sps-100mn-24-512x384.png 512w, https:\/\/elbok.com.pl\/w\/wp-content\/uploads\/2015\/05\/sps-100mn-24-300x225.png 300w, https:\/\/elbok.com.pl\/w\/wp-content\/uploads\/2015\/05\/sps-100mn-24-200x150.png 200w, https:\/\/elbok.com.pl\/w\/wp-content\/uploads\/2015\/05\/sps-100mn-24-150x113.png 150w\" sizes=\"auto, (max-width: 120px) 100vw, 120px\" \/><\/a><\/p>\n<p style=\"text-align: center;\"><strong>SPS-100MN-24<\/strong><\/p>\n<\/td>\n<td>\n<ul>\n<li>zasilanie: <strong>230V AC<\/strong><\/li>\n<li>napi\u0119cie wyj\u015bciowe: <strong>24V DC<\/strong><\/li>\n<li>pr\u0105d: <strong>max. 5 A<\/strong><\/li>\n<\/ul>\n<\/td>\n<td style=\"text-align: center;\" align=\"center\"><a href=\"https:\/\/elbok.com.pl\/w\/wp-content\/uploads\/2015\/05\/zi_sps-mps-100m.pdf\"><img loading=\"lazy\" decoding=\"async\" class=\"aligncenter wp-image-352 size-full\" src=\"https:\/\/elbok.com.pl\/w\/wp-content\/uploads\/2015\/05\/pdf.png\" alt=\"pdf\" width=\"48\" height=\"48\" \/>Pobierz<\/a><\/td>\n<\/tr>\n<tr>\n<td style=\"text-align: right;\" colspan=\"4\">.: Kategoria: Zasilacze :: <a href=\"mailto:biuro@elbok.com.pl?subject=Pytanie%20o%20zasilacz%20SPS-100MN\">Zapytaj o ten produkt<\/a> :.<\/td>\n<\/tr>\n<tr>\n<td>\n<p><a href=\"https:\/\/elbok.com.pl\/w\/wp-content\/uploads\/2015\/05\/sps-200md-24.png\"><img loading=\"lazy\" decoding=\"async\" class=\"aligncenter wp-image-368\" title=\"Zasilacz SPS-200MD-24\" src=\"https:\/\/elbok.com.pl\/w\/wp-content\/uploads\/2015\/05\/sps-200md-24.png\" alt=\"Zasilacz SPS-200MD-24\" width=\"120\" height=\"90\" srcset=\"https:\/\/elbok.com.pl\/w\/wp-content\/uploads\/2015\/05\/sps-200md-24.png 640w, https:\/\/elbok.com.pl\/w\/wp-content\/uploads\/2015\/05\/sps-200md-24-325x244.png 325w, https:\/\/elbok.com.pl\/w\/wp-content\/uploads\/2015\/05\/sps-200md-24-454x341.png 454w, https:\/\/elbok.com.pl\/w\/wp-content\/uploads\/2015\/05\/sps-200md-24-512x384.png 512w, https:\/\/elbok.com.pl\/w\/wp-content\/uploads\/2015\/05\/sps-200md-24-300x225.png 300w, https:\/\/elbok.com.pl\/w\/wp-content\/uploads\/2015\/05\/sps-200md-24-200x150.png 200w, https:\/\/elbok.com.pl\/w\/wp-content\/uploads\/2015\/05\/sps-200md-24-150x113.png 150w\" sizes=\"auto, (max-width: 120px) 100vw, 120px\" \/><\/a><\/p>\n<p style=\"text-align: center;\"><strong>SPS-200MD-24<\/strong><\/p>\n<\/td>\n<td>\n<ul>\n<li>zasilanie: <strong>230V AC<\/strong><\/li>\n<li>napi\u0119cie wyj\u015bciowe: <strong>24V DC<\/strong><\/li>\n<li>pr\u0105d: <strong>max. 8 A<\/strong><\/li>\n<\/ul>\n<\/td>\n<td align=\"center\"><img loading=\"lazy\" decoding=\"async\" class=\"alignnone size-full wp-image-1204\" src=\"https:\/\/elbok.com.pl\/w\/wp-content\/uploads\/2022\/10\/no_pdf.png\" alt=\"\" width=\"48\" height=\"48\" \/><\/td>\n<\/tr>\n<tr>\n<td style=\"text-align: right;\" colspan=\"4\">.: Kategoria: Zasilacze :: <a href=\"mailto:biuro@elbok.com.pl?subject=Pytanie%20o%20zasilacz%20SPS-200MD\">Zapytaj o ten produkt<\/a> :.<\/td>\n<\/tr>\n<tr>\n<td>\n<p><a href=\"https:\/\/elbok.com.pl\/w\/wp-content\/uploads\/2015\/05\/sps-200sm-24.png\"><img loading=\"lazy\" decoding=\"async\" class=\"aligncenter wp-image-370\" title=\"Zasilacz SPS-200SM-24\" src=\"https:\/\/elbok.com.pl\/w\/wp-content\/uploads\/2015\/05\/sps-200sm-24.png\" alt=\"Zasilacz SPS-200SM-24\" width=\"120\" height=\"90\" srcset=\"https:\/\/elbok.com.pl\/w\/wp-content\/uploads\/2015\/05\/sps-200sm-24.png 640w, https:\/\/elbok.com.pl\/w\/wp-content\/uploads\/2015\/05\/sps-200sm-24-325x244.png 325w, https:\/\/elbok.com.pl\/w\/wp-content\/uploads\/2015\/05\/sps-200sm-24-454x341.png 454w, https:\/\/elbok.com.pl\/w\/wp-content\/uploads\/2015\/05\/sps-200sm-24-512x384.png 512w, https:\/\/elbok.com.pl\/w\/wp-content\/uploads\/2015\/05\/sps-200sm-24-300x225.png 300w, https:\/\/elbok.com.pl\/w\/wp-content\/uploads\/2015\/05\/sps-200sm-24-200x150.png 200w, https:\/\/elbok.com.pl\/w\/wp-content\/uploads\/2015\/05\/sps-200sm-24-150x113.png 150w\" sizes=\"auto, (max-width: 120px) 100vw, 120px\" \/><\/a><\/p>\n<p style=\"text-align: center;\"><strong>SPS-200SM-24<\/strong><\/p>\n<\/td>\n<td>\n<ul>\n<li>zasilanie: <strong>230V AC<\/strong><\/li>\n<li>napi\u0119cie wyj\u015bciowe: <strong>24V DC<\/strong><\/li>\n<li>pr\u0105d: <strong>max. 8 A<\/strong><\/li>\n<\/ul>\n<\/td>\n<td align=\"center\"><img loading=\"lazy\" decoding=\"async\" class=\"alignnone size-full wp-image-1204\" src=\"https:\/\/elbok.com.pl\/w\/wp-content\/uploads\/2022\/10\/no_pdf.png\" alt=\"\" width=\"48\" height=\"48\" \/><\/td>\n<\/tr>\n<tr>\n<td style=\"text-align: right;\" colspan=\"4\">.: Kategoria: Zasilacze :: <a href=\"mailto:biuro@elbok.com.pl?subject=Pytanie%20o%20zasilacz%20SPS-200SM\">Zapytaj o ten produkt<\/a> :.<\/td>\n<\/tr>\n<tr>\n<td>\n<p><img loading=\"lazy\" decoding=\"async\" class=\"aligncenter size-full wp-image-328\" src=\"https:\/\/elbok.com.pl\/w\/wp-content\/uploads\/2015\/05\/brakfoto.png\" alt=\"brakfoto\" width=\"88\" height=\"64\" \/><\/p>\n<p style=\"text-align: center;\"><strong>MPS-10-5-2,5<\/strong><\/p>\n<\/td>\n<td>\n<ul>\n<li>zasilanie: <strong>24V AC<\/strong><\/li>\n<li>napi\u0119cia wyj\u015bciowe: <strong>10V DC<\/strong>, <strong>5V DC<\/strong>, <strong>2,5V DC<\/strong><\/li>\n<li>zasilacz nieseparowany<\/li>\n<li>moc (w sumie): <strong>5 W<\/strong><\/li>\n<\/ul>\n<\/td>\n<td align=\"center\"><img loading=\"lazy\" decoding=\"async\" class=\"alignnone size-full wp-image-1204\" src=\"https:\/\/elbok.com.pl\/w\/wp-content\/uploads\/2022\/10\/no_pdf.png\" alt=\"\" width=\"48\" height=\"48\" \/><\/td>\n<\/tr>\n<tr>\n<td style=\"text-align: right;\" colspan=\"4\">.: Kategoria: Zasilacze :: <a href=\"mailto:biuro@elbok.com.pl?subject=Pytanie%20o%20zasilacz%20MPS-10-5-2,5\">Zapytaj o ten produkt<\/a> :.<\/td>\n<\/tr>\n<\/tbody>\n<\/table>\n<\/div>\n<p>&nbsp;<\/p>\n<div>\n<table width=\"100%\" cellspacing=\"0\" align=\"center\">\n<tbody>\n<tr>\n<td>ZASILACZE MEAN-WELL<\/td>\n<\/tr>\n<\/tbody>\n<\/table>\n<table width=\"100%\" cellspacing=\"0\" align=\"center\">\n<tbody>\n<tr>\n<td>TYP<\/td>\n<td>PODSTAWOWE PARAMETRY TECHNICZNE<\/td>\n<td width=\"20%\">DOKUMENTACJA<\/td>\n<\/tr>\n<tr>\n<td>\n<p><a href=\"https:\/\/elbok.com.pl\/w\/wp-content\/uploads\/2015\/05\/mdr-20-24.png\"><img loading=\"lazy\" decoding=\"async\" class=\"aligncenter wp-image-363\" title=\"Zasilacz MDR-20-24\" src=\"https:\/\/elbok.com.pl\/w\/wp-content\/uploads\/2015\/05\/mdr-20-24.png\" alt=\"Zasilacz MDR-20-24\" width=\"120\" height=\"90\" srcset=\"https:\/\/elbok.com.pl\/w\/wp-content\/uploads\/2015\/05\/mdr-20-24.png 640w, https:\/\/elbok.com.pl\/w\/wp-content\/uploads\/2015\/05\/mdr-20-24-325x244.png 325w, https:\/\/elbok.com.pl\/w\/wp-content\/uploads\/2015\/05\/mdr-20-24-454x341.png 454w, https:\/\/elbok.com.pl\/w\/wp-content\/uploads\/2015\/05\/mdr-20-24-512x384.png 512w, https:\/\/elbok.com.pl\/w\/wp-content\/uploads\/2015\/05\/mdr-20-24-300x225.png 300w, https:\/\/elbok.com.pl\/w\/wp-content\/uploads\/2015\/05\/mdr-20-24-200x150.png 200w, https:\/\/elbok.com.pl\/w\/wp-content\/uploads\/2015\/05\/mdr-20-24-150x113.png 150w\" sizes=\"auto, (max-width: 120px) 100vw, 120px\" \/><\/a><\/p>\n<p style=\"text-align: center;\"><strong>MDR-20-24<\/strong><\/p>\n<\/td>\n<td>\n<ul>\n<li>zasilanie: <strong>100-240V AC<\/strong><\/li>\n<li>napi\u0119cie wyj\u015bciowe: <strong>24V DC<\/strong><\/li>\n<li>pr\u0105d: <strong>max. 1 A<\/strong><\/li>\n<\/ul>\n<\/td>\n<td align=\"center\"><img loading=\"lazy\" decoding=\"async\" class=\"alignnone size-full wp-image-1204\" src=\"https:\/\/elbok.com.pl\/w\/wp-content\/uploads\/2022\/10\/no_pdf.png\" alt=\"\" width=\"48\" height=\"48\" \/><\/td>\n<\/tr>\n<tr>\n<td style=\"text-align: right;\" colspan=\"4\">.: Kategoria: Zasilacze :: <a href=\"mailto:biuro@elbok.com.pl?subject=Pytanie%20o%20zasilacz%20MDR-20-24\">Zapytaj o ten produkt<\/a> :.<\/td>\n<\/tr>\n<tr>\n<td>\n<p><a href=\"https:\/\/elbok.com.pl\/w\/wp-content\/uploads\/2015\/05\/mdr-40-24.png\"><img loading=\"lazy\" decoding=\"async\" class=\"aligncenter wp-image-364\" title=\"Zasilacz MDR-40-24\" src=\"https:\/\/elbok.com.pl\/w\/wp-content\/uploads\/2015\/05\/mdr-40-24.png\" alt=\"Zasilacz MDR-40-24\" width=\"120\" height=\"90\" srcset=\"https:\/\/elbok.com.pl\/w\/wp-content\/uploads\/2015\/05\/mdr-40-24.png 640w, https:\/\/elbok.com.pl\/w\/wp-content\/uploads\/2015\/05\/mdr-40-24-325x244.png 325w, https:\/\/elbok.com.pl\/w\/wp-content\/uploads\/2015\/05\/mdr-40-24-454x341.png 454w, https:\/\/elbok.com.pl\/w\/wp-content\/uploads\/2015\/05\/mdr-40-24-512x384.png 512w, https:\/\/elbok.com.pl\/w\/wp-content\/uploads\/2015\/05\/mdr-40-24-300x225.png 300w, https:\/\/elbok.com.pl\/w\/wp-content\/uploads\/2015\/05\/mdr-40-24-200x150.png 200w, https:\/\/elbok.com.pl\/w\/wp-content\/uploads\/2015\/05\/mdr-40-24-150x113.png 150w\" sizes=\"auto, (max-width: 120px) 100vw, 120px\" \/><\/a><\/p>\n<p style=\"text-align: center;\"><strong>MDR-40-24<\/strong><\/p>\n<\/td>\n<td>\n<ul>\n<li>zasilanie: <strong>100-240V AC<\/strong><\/li>\n<li>napi\u0119cie wyj\u015bciowe: <strong>24V DC<\/strong><\/li>\n<li>pr\u0105d: <strong>max. 1,7 A<\/strong><\/li>\n<li>syganlizacja poprawno\u015bci napi\u0119cia<\/li>\n<\/ul>\n<\/td>\n<td align=\"center\"><img loading=\"lazy\" decoding=\"async\" class=\"alignnone size-full wp-image-1204\" src=\"https:\/\/elbok.com.pl\/w\/wp-content\/uploads\/2022\/10\/no_pdf.png\" alt=\"\" width=\"48\" height=\"48\" \/><\/td>\n<\/tr>\n<tr>\n<td style=\"text-align: right;\" colspan=\"4\">.: Kategoria: Zasilacze :: <a href=\"mailto:biuro@elbok.com.pl?subject=Pytanie%20o%20zasilacz%20MDR-40-24\">Zapytaj o ten produkt<\/a> :.<\/td>\n<\/tr>\n<tr>\n<td>\n<p><a href=\"https:\/\/elbok.com.pl\/w\/wp-content\/uploads\/2015\/05\/sps-200sm-24.png\"><br \/>\n<\/a><a href=\"https:\/\/elbok.com.pl\/w\/wp-content\/uploads\/2015\/05\/dr-4524.png\"><img loading=\"lazy\" decoding=\"async\" class=\"aligncenter wp-image-360\" title=\"Zasilacz DR-4524\" src=\"https:\/\/elbok.com.pl\/w\/wp-content\/uploads\/2015\/05\/dr-4524.png\" alt=\"Zasilacz DR-4524\" width=\"120\" height=\"90\" srcset=\"https:\/\/elbok.com.pl\/w\/wp-content\/uploads\/2015\/05\/dr-4524.png 640w, https:\/\/elbok.com.pl\/w\/wp-content\/uploads\/2015\/05\/dr-4524-325x244.png 325w, https:\/\/elbok.com.pl\/w\/wp-content\/uploads\/2015\/05\/dr-4524-454x341.png 454w, https:\/\/elbok.com.pl\/w\/wp-content\/uploads\/2015\/05\/dr-4524-512x384.png 512w, https:\/\/elbok.com.pl\/w\/wp-content\/uploads\/2015\/05\/dr-4524-300x225.png 300w, https:\/\/elbok.com.pl\/w\/wp-content\/uploads\/2015\/05\/dr-4524-200x150.png 200w, https:\/\/elbok.com.pl\/w\/wp-content\/uploads\/2015\/05\/dr-4524-150x113.png 150w\" sizes=\"auto, (max-width: 120px) 100vw, 120px\" \/><\/a><\/p>\n<p style=\"text-align: center;\"><strong>DR-4524<\/strong><\/p>\n<\/td>\n<td>\n<ul>\n<li>zasilanie: <strong>230V AC<\/strong><\/li>\n<li>napi\u0119cie wyj\u015bciowe: <strong>24V DC<\/strong><\/li>\n<li>pr\u0105d: <strong>max. 2 A<\/strong><\/li>\n<\/ul>\n<\/td>\n<td align=\"center\"><img loading=\"lazy\" decoding=\"async\" class=\"alignnone size-full wp-image-1204\" src=\"https:\/\/elbok.com.pl\/w\/wp-content\/uploads\/2022\/10\/no_pdf.png\" alt=\"\" width=\"48\" height=\"48\" \/><\/td>\n<\/tr>\n<tr>\n<td style=\"text-align: right;\" colspan=\"4\">.: Kategoria: Zasilacze :: <a href=\"mailto:biuro@elbok.com.pl?subject=Pytanie%20o%20zasilacz%20MDR-4524\">Zapytaj o ten produkt<\/a> :.<\/td>\n<\/tr>\n<tr>\n<td>\n<p><a href=\"https:\/\/elbok.com.pl\/w\/wp-content\/uploads\/2015\/05\/dr-120-24.png\"><img loading=\"lazy\" decoding=\"async\" class=\"aligncenter wp-image-359\" title=\"Zasilacz DR-120-24\" src=\"https:\/\/elbok.com.pl\/w\/wp-content\/uploads\/2015\/05\/dr-120-24.png\" alt=\"Zasilacz DR-120-24\" width=\"120\" height=\"90\" srcset=\"https:\/\/elbok.com.pl\/w\/wp-content\/uploads\/2015\/05\/dr-120-24.png 640w, https:\/\/elbok.com.pl\/w\/wp-content\/uploads\/2015\/05\/dr-120-24-325x244.png 325w, https:\/\/elbok.com.pl\/w\/wp-content\/uploads\/2015\/05\/dr-120-24-454x341.png 454w, https:\/\/elbok.com.pl\/w\/wp-content\/uploads\/2015\/05\/dr-120-24-512x384.png 512w, https:\/\/elbok.com.pl\/w\/wp-content\/uploads\/2015\/05\/dr-120-24-300x225.png 300w, https:\/\/elbok.com.pl\/w\/wp-content\/uploads\/2015\/05\/dr-120-24-200x150.png 200w, https:\/\/elbok.com.pl\/w\/wp-content\/uploads\/2015\/05\/dr-120-24-150x113.png 150w\" sizes=\"auto, (max-width: 120px) 100vw, 120px\" \/><\/a><\/p>\n<p style=\"text-align: center;\"><strong>DR-120-24<\/strong><\/p>\n<\/td>\n<td>\n<ul>\n<li>zasilanie: <strong>100-120V AC<\/strong>, <strong>200-240V AC<\/strong><\/li>\n<li>napi\u0119cie wyj\u015bciowe: <strong>24V DC<\/strong><\/li>\n<li>pr\u0105d: <strong>max. 5 A<\/strong><\/li>\n<\/ul>\n<\/td>\n<td align=\"center\"><img loading=\"lazy\" decoding=\"async\" class=\"alignnone size-full wp-image-1204\" src=\"https:\/\/elbok.com.pl\/w\/wp-content\/uploads\/2022\/10\/no_pdf.png\" alt=\"\" width=\"48\" height=\"48\" \/><\/td>\n<\/tr>\n<tr>\n<td style=\"text-align: right;\" colspan=\"4\">.: Kategoria: Zasilacze :: <a href=\"mailto:biuro@elbok.com.pl?subject=Pytanie%20o%20zasilacz%20DR-120-24\">Zapytaj o ten produkt<\/a> :.<\/td>\n<\/tr>\n<tr>\n<td>\n<p><a href=\"https:\/\/elbok.com.pl\/w\/wp-content\/uploads\/2015\/05\/drp-240-24.png\"><img loading=\"lazy\" decoding=\"async\" class=\"aligncenter wp-image-361\" title=\"Zasilacz DRP-240-24\" src=\"https:\/\/elbok.com.pl\/w\/wp-content\/uploads\/2015\/05\/drp-240-24.png\" alt=\"Zasilacz DRP-240-24\" width=\"120\" height=\"90\" srcset=\"https:\/\/elbok.com.pl\/w\/wp-content\/uploads\/2015\/05\/drp-240-24.png 640w, https:\/\/elbok.com.pl\/w\/wp-content\/uploads\/2015\/05\/drp-240-24-325x244.png 325w, https:\/\/elbok.com.pl\/w\/wp-content\/uploads\/2015\/05\/drp-240-24-454x341.png 454w, https:\/\/elbok.com.pl\/w\/wp-content\/uploads\/2015\/05\/drp-240-24-512x384.png 512w, https:\/\/elbok.com.pl\/w\/wp-content\/uploads\/2015\/05\/drp-240-24-300x225.png 300w, https:\/\/elbok.com.pl\/w\/wp-content\/uploads\/2015\/05\/drp-240-24-200x150.png 200w, https:\/\/elbok.com.pl\/w\/wp-content\/uploads\/2015\/05\/drp-240-24-150x113.png 150w\" sizes=\"auto, (max-width: 120px) 100vw, 120px\" \/><\/a><\/p>\n<p style=\"text-align: center;\"><strong>DRP-240-24<\/strong><\/p>\n<\/td>\n<td>\n<ul>\n<li>zasilanie: <strong>100-240V AC<\/strong><\/li>\n<li>napi\u0119cie wyj\u015bciowe: <strong>24V DC<\/strong><\/li>\n<li>pr\u0105d: <strong>max. 10 A<\/strong><\/li>\n<\/ul>\n<\/td>\n<td align=\"center\"><img loading=\"lazy\" decoding=\"async\" class=\"alignnone size-full wp-image-1204\" src=\"https:\/\/elbok.com.pl\/w\/wp-content\/uploads\/2022\/10\/no_pdf.png\" alt=\"\" width=\"48\" height=\"48\" \/><\/td>\n<\/tr>\n<tr>\n<td style=\"text-align: right;\" colspan=\"4\">.: Kategoria: Zasilacze :: <a href=\"mailto:biuro@elbok.com.pl?subject=Pytanie%20o%20zasilacz%20DRP-240-24\">Zapytaj o ten produkt<\/a> :.<\/td>\n<\/tr>\n<tr>\n<td>\n<p><a href=\"https:\/\/elbok.com.pl\/w\/wp-content\/uploads\/2015\/05\/drt-960-24.png\"><img loading=\"lazy\" decoding=\"async\" class=\"aligncenter wp-image-362\" title=\"Zasilacz DRT-960-24\" src=\"https:\/\/elbok.com.pl\/w\/wp-content\/uploads\/2015\/05\/drt-960-24.png\" alt=\"Zasilacz DRT-960-24\" width=\"120\" height=\"90\" srcset=\"https:\/\/elbok.com.pl\/w\/wp-content\/uploads\/2015\/05\/drt-960-24.png 640w, https:\/\/elbok.com.pl\/w\/wp-content\/uploads\/2015\/05\/drt-960-24-325x244.png 325w, https:\/\/elbok.com.pl\/w\/wp-content\/uploads\/2015\/05\/drt-960-24-454x341.png 454w, https:\/\/elbok.com.pl\/w\/wp-content\/uploads\/2015\/05\/drt-960-24-512x384.png 512w, https:\/\/elbok.com.pl\/w\/wp-content\/uploads\/2015\/05\/drt-960-24-300x225.png 300w, https:\/\/elbok.com.pl\/w\/wp-content\/uploads\/2015\/05\/drt-960-24-200x150.png 200w, https:\/\/elbok.com.pl\/w\/wp-content\/uploads\/2015\/05\/drt-960-24-150x113.png 150w\" sizes=\"auto, (max-width: 120px) 100vw, 120px\" \/><\/a><\/p>\n<p style=\"text-align: center;\"><strong>DRT-960-24<\/strong><\/p>\n<\/td>\n<td>\n<ul>\n<li>zasilanie: tr\u00f3jfazowe <strong>400V AC<\/strong><\/li>\n<li>napi\u0119cie wyj\u015bciowe: <strong>24V DC<\/strong><\/li>\n<li>pr\u0105d: <strong>max. 40 A<\/strong><\/li>\n<\/ul>\n<\/td>\n<td align=\"center\"><img loading=\"lazy\" decoding=\"async\" class=\"alignnone size-full wp-image-1204\" src=\"https:\/\/elbok.com.pl\/w\/wp-content\/uploads\/2022\/10\/no_pdf.png\" alt=\"\" width=\"48\" height=\"48\" \/><\/td>\n<\/tr>\n<tr>\n<td style=\"text-align: right;\" colspan=\"4\">.: Kategoria: Zasilacze :: <a href=\"mailto:biuro@elbok.com.pl?subject=Pytanie%20o%20zasilacz%20DRT-960-24\">Zapytaj o ten produkt<\/a> :.<\/td>\n<\/tr>\n<\/tbody>\n<\/table>\n<\/div>\n<p>Opr\u00f3cz wy\u017cej wymienionych zasilaczy oferujemy tak\u017ce inne modele zasilaczy. Zach\u0119camy do <a href=\"https:\/\/elbok.com.pl\/w\/kontakt\/\">kontaktu naszym biurem<\/a> w celu poznania szerszej oferty.<\/p>\n<p>&nbsp;<\/p>\n","protected":false},"excerpt":{"rendered":"<p>Zasilacze przemys\u0142owe Przeznaczenie Zasilacz to podstawowy element dostarczaj\u0105cy napi\u0119cia zasilania dla zastosowanych urz\u0105dze\u0144. Do naszych &hellip;<\/p>\n","protected":false},"author":1,"featured_media":0,"parent":14,"menu_order":6,"comment_status":"closed","ping_status":"open","template":"","meta":{"footnotes":"","_wp_rev_ctl_limit":""},"class_list":["post-51","page","type-page","status-publish","hentry"],"_links":{"self":[{"href":"https:\/\/elbok.com.pl\/w\/wp-json\/wp\/v2\/pages\/51","targetHints":{"allow":["GET"]}}],"collection":[{"href":"https:\/\/elbok.com.pl\/w\/wp-json\/wp\/v2\/pages"}],"about":[{"href":"https:\/\/elbok.com.pl\/w\/wp-json\/wp\/v2\/types\/page"}],"author":[{"embeddable":true,"href":"https:\/\/elbok.com.pl\/w\/wp-json\/wp\/v2\/users\/1"}],"replies":[{"embeddable":true,"href":"https:\/\/elbok.com.pl\/w\/wp-json\/wp\/v2\/comments?post=51"}],"version-history":[{"count":0,"href":"https:\/\/elbok.com.pl\/w\/wp-json\/wp\/v2\/pages\/51\/revisions"}],"up":[{"embeddable":true,"href":"https:\/\/elbok.com.pl\/w\/wp-json\/wp\/v2\/pages\/14"}],"wp:attachment":[{"href":"https:\/\/elbok.com.pl\/w\/wp-json\/wp\/v2\/media?parent=51"}],"curies":[{"name":"wp","href":"https:\/\/api.w.org\/{rel}","templated":true}]}}