{"id":49,"date":"2015-04-28T06:15:18","date_gmt":"2015-04-28T04:15:18","guid":{"rendered":"https:\/\/elbok.com.pl\/w\/?page_id=49"},"modified":"2022-10-07T08:57:36","modified_gmt":"2022-10-07T06:57:36","slug":"sygnalizatory-dzwiekowe","status":"publish","type":"page","link":"https:\/\/elbok.com.pl\/w\/produkty\/sygnalizatory-dzwiekowe\/","title":{"rendered":"Sygnalizatory d\u017awi\u0119kowe"},"content":{"rendered":"<h1>Sygnalizatory d\u017awi\u0119kowe<\/h1>\n<h2>Przeznaczenie<\/h2>\n<p><strong>Sygnalizatory d\u017awi\u0119kowe<\/strong> przeznaczone s\u0105 do sygnalizacji d\u017awi\u0119kiem stan\u00f3w awaryjnych wyst\u0119puj\u0105cych na kontrolowanych obiektach wymagaj\u0105cych reakcji ze strony obs\u0142ugi.<\/p>\n<p>Nasze <strong>sygnalizatory d\u017awi\u0119kowe ES-022<\/strong> s\u0105 przystosowane do bezpo\u015bredniej wsp\u00f3\u0142pracy z <a href=\"https:\/\/elbok.com.pl\/w\/produkty\/kasety-synoptyczne\/\">kasetami synoptycznymi<\/a> znajduj\u0105cych si\u0119 w Naszej ofercie.<\/p>\n<h2>Obecnie produkowane modele sygnalizator\u00f3w d\u017awi\u0119kowych<\/h2>\n<div>\n<table width=\"100%\" cellspacing=\"0\" align=\"center\">\n<tbody>\n<tr>\n<td>SYGNALIZATORY D\u0179WI\u0118KOWE<\/td>\n<\/tr>\n<\/tbody>\n<\/table>\n<table width=\"100%\" cellspacing=\"0\" align=\"center\">\n<tbody>\n<tr>\n<td>TYP<\/td>\n<td>PODSTAWOWE PARAMETRY TECHNICZNE<\/td>\n<td width=\"20%\">DOKUMENTACJA<\/td>\n<\/tr>\n<tr>\n<td><a href=\"https:\/\/elbok.com.pl\/w\/wp-content\/uploads\/2015\/05\/es-022-48.png\"><img loading=\"lazy\" decoding=\"async\" class=\"aligncenter wp-image-335\" title=\"Sygnalizator d\u017awi\u0119kowy ES-022-48\" src=\"https:\/\/elbok.com.pl\/w\/wp-content\/uploads\/2015\/05\/es-022-48.png\" alt=\"Sygnalizator d\u017awi\u0119kowy ES-022-48\" width=\"120\" height=\"90\" srcset=\"https:\/\/elbok.com.pl\/w\/wp-content\/uploads\/2015\/05\/es-022-48.png 640w, https:\/\/elbok.com.pl\/w\/wp-content\/uploads\/2015\/05\/es-022-48-325x244.png 325w, https:\/\/elbok.com.pl\/w\/wp-content\/uploads\/2015\/05\/es-022-48-454x341.png 454w, https:\/\/elbok.com.pl\/w\/wp-content\/uploads\/2015\/05\/es-022-48-512x384.png 512w, https:\/\/elbok.com.pl\/w\/wp-content\/uploads\/2015\/05\/es-022-48-300x225.png 300w, https:\/\/elbok.com.pl\/w\/wp-content\/uploads\/2015\/05\/es-022-48-200x150.png 200w, https:\/\/elbok.com.pl\/w\/wp-content\/uploads\/2015\/05\/es-022-48-150x113.png 150w\" sizes=\"auto, (max-width: 120px) 100vw, 120px\" \/><\/a><\/p>\n<p style=\"text-align: center;\"><strong>ES-022-48<\/strong><\/p>\n<\/td>\n<td>\n<ul>\n<li>napi\u0119cie pracy: <strong>24-48V DC<\/strong><\/li>\n<li>cz\u0119stotliwo\u015b\u0107 pracy: <strong>3 kHz<\/strong><\/li>\n<li>typ d\u017awi\u0119ku: <strong>modulowany<\/strong><\/li>\n<li>nat\u0119\u017cenie d\u017awi\u0119ku: <strong>max. 120 dB<\/strong><\/li>\n<li>pob\u00f3r pr\u0105du: <strong>max. 50 mA<\/strong><\/li>\n<li>masa: <strong>0,1 kg<\/strong><\/li>\n<\/ul>\n<\/td>\n<td style=\"text-align: center;\" align=\"middle\"><a href=\"https:\/\/elbok.com.pl\/w\/wp-content\/uploads\/2015\/05\/ws_es-022.pdf\"><img loading=\"lazy\" decoding=\"async\" class=\"aligncenter wp-image-352 size-full\" src=\"https:\/\/elbok.com.pl\/w\/wp-content\/uploads\/2015\/05\/pdf.png\" alt=\"pdf\" width=\"48\" height=\"48\" \/>Pobierz<\/a><\/td>\n<\/tr>\n<tr>\n<td style=\"text-align: right;\" colspan=\"4\">.: Kategoria: Wyroby specjalne :: <a href=\"mailto:biuro@elbok.com.pl?subject=Pytanie%20o%20ES-022-48\">Zapytaj o ten produkt<\/a> :.<\/td>\n<\/tr>\n<tr>\n<td><a href=\"https:\/\/elbok.com.pl\/w\/wp-content\/uploads\/2015\/05\/es-022-230.png\"><img loading=\"lazy\" decoding=\"async\" class=\"aligncenter wp-image-336\" title=\"Sygnalizator d\u017awi\u0119kowy ES-022-230\" src=\"https:\/\/elbok.com.pl\/w\/wp-content\/uploads\/2015\/05\/es-022-230.png\" alt=\"Sygnalizator d\u017awi\u0119kowy ES-022-230\" width=\"120\" height=\"90\" srcset=\"https:\/\/elbok.com.pl\/w\/wp-content\/uploads\/2015\/05\/es-022-230.png 640w, https:\/\/elbok.com.pl\/w\/wp-content\/uploads\/2015\/05\/es-022-230-325x244.png 325w, https:\/\/elbok.com.pl\/w\/wp-content\/uploads\/2015\/05\/es-022-230-454x341.png 454w, https:\/\/elbok.com.pl\/w\/wp-content\/uploads\/2015\/05\/es-022-230-512x384.png 512w, https:\/\/elbok.com.pl\/w\/wp-content\/uploads\/2015\/05\/es-022-230-300x225.png 300w, https:\/\/elbok.com.pl\/w\/wp-content\/uploads\/2015\/05\/es-022-230-200x150.png 200w, https:\/\/elbok.com.pl\/w\/wp-content\/uploads\/2015\/05\/es-022-230-150x113.png 150w\" sizes=\"auto, (max-width: 120px) 100vw, 120px\" \/><\/a><\/p>\n<p style=\"text-align: center;\"><strong>ES-022-230<\/strong><\/p>\n<\/td>\n<td>\n<ul>\n<li>napi\u0119cie pracy: <strong>48-230V AC\/DC<\/strong><\/li>\n<li>cz\u0119stotliwo\u015b\u0107 pracy: <strong>3 kHz<\/strong><\/li>\n<li>typ d\u017awi\u0119ku: <strong>modulowany<\/strong><\/li>\n<li>nat\u0119\u017cenie d\u017awi\u0119ku: <strong>max 120 dB<\/strong><\/li>\n<li>pob\u00f3r pr\u0105du: <strong>max 20 mA (przy 48 V)<\/strong><\/li>\n<li>masa: <strong>0,13 kg<\/strong><\/li>\n<\/ul>\n<\/td>\n<td style=\"text-align: center;\" align=\"middle\"><a href=\"https:\/\/elbok.com.pl\/w\/wp-content\/uploads\/2015\/05\/ws_es-022-230.pdf\"><img loading=\"lazy\" decoding=\"async\" class=\"aligncenter wp-image-352 size-full\" src=\"https:\/\/elbok.com.pl\/w\/wp-content\/uploads\/2015\/05\/pdf.png\" alt=\"pdf\" width=\"48\" height=\"48\" \/>Pobierz<\/a><\/td>\n<\/tr>\n<tr>\n<td style=\"text-align: right;\" colspan=\"4\">.: Kategoria: Wyroby specjalne :: <a href=\"mailto:biuro@elbok.com.pl?subject=Pytanie%20o%20ES-022-230\">Zapytaj o ten produkt<\/a> :.<\/td>\n<\/tr>\n<tr style=\"background-color: #fffcad;\">\n<td><a href=\"https:\/\/elbok.com.pl\/w\/wp-content\/uploads\/2015\/05\/es-022-230-ip.png\"><img loading=\"lazy\" decoding=\"async\" class=\"aligncenter wp-image-337\" title=\"Sygnalizator d\u017awi\u0119kowy ES-022-230-IP\" src=\"https:\/\/elbok.com.pl\/w\/wp-content\/uploads\/2015\/05\/es-022-230-ip.png\" alt=\"Sygnalizator d\u017awi\u0119kowy ES-022-230-IP\" width=\"120\" height=\"90\" srcset=\"https:\/\/elbok.com.pl\/w\/wp-content\/uploads\/2015\/05\/es-022-230-ip.png 640w, https:\/\/elbok.com.pl\/w\/wp-content\/uploads\/2015\/05\/es-022-230-ip-325x244.png 325w, https:\/\/elbok.com.pl\/w\/wp-content\/uploads\/2015\/05\/es-022-230-ip-454x341.png 454w, https:\/\/elbok.com.pl\/w\/wp-content\/uploads\/2015\/05\/es-022-230-ip-512x384.png 512w, https:\/\/elbok.com.pl\/w\/wp-content\/uploads\/2015\/05\/es-022-230-ip-300x225.png 300w, https:\/\/elbok.com.pl\/w\/wp-content\/uploads\/2015\/05\/es-022-230-ip-200x150.png 200w, https:\/\/elbok.com.pl\/w\/wp-content\/uploads\/2015\/05\/es-022-230-ip-150x113.png 150w\" sizes=\"auto, (max-width: 120px) 100vw, 120px\" \/><\/a><\/p>\n<p style=\"text-align: center;\"><strong>ES-022-230-IP<\/strong><\/p>\n<\/td>\n<td>\n<ul>\n<li>napi\u0119cie pracy: <strong>48-230V AC\/DC<\/strong><\/li>\n<li>cz\u0119stotliwo\u015b\u0107 pracy: <strong>3 kHz<\/strong><\/li>\n<li>typ d\u017awi\u0119ku: <strong>modulowany<\/strong><\/li>\n<li>nat\u0119\u017cenie d\u017awi\u0119ku: <strong>max 120 dB<\/strong><\/li>\n<li>pob\u00f3r pr\u0105du: <strong>max 20 mA (przy 48 V)<\/strong><\/li>\n<li>klasa szczelno\u015bci: <strong>IP54<\/strong><\/li>\n<li>masa: <strong>0,45 kg<\/strong><\/li>\n<\/ul>\n<\/td>\n<td style=\"text-align: center;\" align=\"middle\"><a href=\"https:\/\/elbok.com.pl\/w\/wp-content\/uploads\/2015\/05\/ws_es-022-230-ip.pdf\"><img loading=\"lazy\" decoding=\"async\" class=\"aligncenter wp-image-352 size-full\" src=\"https:\/\/elbok.com.pl\/w\/wp-content\/uploads\/2015\/05\/pdf.png\" alt=\"pdf\" width=\"48\" height=\"48\" \/>Pobierz<\/a><\/td>\n<\/tr>\n<tr>\n<td style=\"text-align: right;\" colspan=\"4\">.: Kategoria: Wyroby specjalne :: <a href=\"mailto:biuro@elbok.com.pl?subject=Pytanie%20o%20ES-022-230-IP\">Zapytaj o ten produkt<\/a> :.<\/td>\n<\/tr>\n<tr>\n<td><a href=\"https:\/\/elbok.com.pl\/w\/wp-content\/uploads\/2015\/05\/bu-1.png\"><img loading=\"lazy\" decoding=\"async\" class=\"aligncenter wp-image-332\" title=\"Sygnalizator d\u017awi\u0119kowy BU-1\" src=\"https:\/\/elbok.com.pl\/w\/wp-content\/uploads\/2015\/05\/bu-1.png\" alt=\"Sygnalizator d\u017awi\u0119kowy BU-1\" width=\"120\" height=\"90\" srcset=\"https:\/\/elbok.com.pl\/w\/wp-content\/uploads\/2015\/05\/bu-1.png 640w, https:\/\/elbok.com.pl\/w\/wp-content\/uploads\/2015\/05\/bu-1-325x244.png 325w, https:\/\/elbok.com.pl\/w\/wp-content\/uploads\/2015\/05\/bu-1-454x341.png 454w, https:\/\/elbok.com.pl\/w\/wp-content\/uploads\/2015\/05\/bu-1-512x384.png 512w, https:\/\/elbok.com.pl\/w\/wp-content\/uploads\/2015\/05\/bu-1-300x225.png 300w, https:\/\/elbok.com.pl\/w\/wp-content\/uploads\/2015\/05\/bu-1-200x150.png 200w, https:\/\/elbok.com.pl\/w\/wp-content\/uploads\/2015\/05\/bu-1-150x113.png 150w\" sizes=\"auto, (max-width: 120px) 100vw, 120px\" \/><\/a><\/p>\n<p style=\"text-align: center;\"><strong>BU-1<\/strong><\/p>\n<\/td>\n<td>\n<ul>\n<li>napi\u0119cie pracy: <strong>24 VDC<\/strong><\/li>\n<li>cz\u0119stotliwo\u015b\u0107 pracy: ok.<strong>4 kHz<\/strong><\/li>\n<li>typ d\u017awi\u0119ku: <strong>ci\u0105g\u0142y<\/strong><\/li>\n<li>nat\u0119\u017cenie d\u017awi\u0119ku: <strong>max. 77 dB<\/strong><\/li>\n<li>pob\u00f3r pr\u0105du: <strong>max. 15 mA<\/strong><\/li>\n<li>masa: <strong>0,1 kg<\/strong><\/li>\n<\/ul>\n<\/td>\n<td style=\"text-align: center;\" align=\"middle\"><a href=\"https:\/\/elbok.com.pl\/w\/wp-content\/uploads\/2015\/05\/ws_bu-1.pdf\"><img loading=\"lazy\" decoding=\"async\" class=\"aligncenter wp-image-352 size-full\" src=\"https:\/\/elbok.com.pl\/w\/wp-content\/uploads\/2015\/05\/pdf.png\" alt=\"pdf\" width=\"48\" height=\"48\" \/>Pobierz<\/a><\/td>\n<\/tr>\n<tr>\n<td style=\"text-align: right;\" colspan=\"4\">.: Kategoria: Wyroby specjalne :: <a href=\"mailto:biuro@elbok.com.pl?subject=Pytanie%20o%20BU-1\">Zapytaj o ten produkt<\/a> :.<\/td>\n<\/tr>\n<tr>\n<td><a href=\"https:\/\/elbok.com.pl\/w\/wp-content\/uploads\/2015\/05\/bu-2.png\"><img loading=\"lazy\" decoding=\"async\" class=\"aligncenter wp-image-333\" title=\"Sygnalizatory d\u017awi\u0119kowe BU-2\" src=\"https:\/\/elbok.com.pl\/w\/wp-content\/uploads\/2015\/05\/bu-2.png\" alt=\"Sygnalizatory d\u017awi\u0119kowe BU-2\" width=\"120\" height=\"90\" srcset=\"https:\/\/elbok.com.pl\/w\/wp-content\/uploads\/2015\/05\/bu-2.png 640w, https:\/\/elbok.com.pl\/w\/wp-content\/uploads\/2015\/05\/bu-2-325x244.png 325w, https:\/\/elbok.com.pl\/w\/wp-content\/uploads\/2015\/05\/bu-2-454x341.png 454w, https:\/\/elbok.com.pl\/w\/wp-content\/uploads\/2015\/05\/bu-2-512x384.png 512w, https:\/\/elbok.com.pl\/w\/wp-content\/uploads\/2015\/05\/bu-2-300x225.png 300w, https:\/\/elbok.com.pl\/w\/wp-content\/uploads\/2015\/05\/bu-2-200x150.png 200w, https:\/\/elbok.com.pl\/w\/wp-content\/uploads\/2015\/05\/bu-2-150x113.png 150w\" sizes=\"auto, (max-width: 120px) 100vw, 120px\" \/><\/a><\/p>\n<p style=\"text-align: center;\"><strong>BU-2<\/strong><\/p>\n<\/td>\n<td>\n<ul>\n<li>napi\u0119cie pracy: <strong>24 VDC<\/strong><\/li>\n<li>cz\u0119stotliwo\u015b\u0107 pracy: ok. <strong>4 kHz<\/strong><\/li>\n<li>typ d\u017awi\u0119ku: <strong>modulowany<\/strong><\/li>\n<li>nat\u0119\u017cenie d\u017awi\u0119ku: <strong>max. 77 dB<\/strong><\/li>\n<li>pob\u00f3r pr\u0105du: <strong>max. 20 mA<\/strong><\/li>\n<li>masa: <strong>0,1 kg<\/strong><\/li>\n<\/ul>\n<\/td>\n<td style=\"text-align: center;\" align=\"middle\"><a href=\"https:\/\/elbok.com.pl\/w\/wp-content\/uploads\/2015\/05\/ws_bu-2.pdf\"><img loading=\"lazy\" decoding=\"async\" class=\"aligncenter wp-image-352 size-full\" src=\"https:\/\/elbok.com.pl\/w\/wp-content\/uploads\/2015\/05\/pdf.png\" alt=\"pdf\" width=\"48\" height=\"48\" \/>Pobierz<\/a><\/td>\n<\/tr>\n<tr>\n<td style=\"text-align: right;\" colspan=\"4\">.: Kategoria: Wyroby specjalne :: <a href=\"mailto:biuro@elbok.com.pl?subject=Pytanie%20o%20BU-2\">Zapytaj o ten produkt<\/a> :.<\/td>\n<\/tr>\n<tr style=\"background-color: #fffcad;\">\n<td><img loading=\"lazy\" decoding=\"async\" class=\"aligncenter wp-image-328 size-full\" src=\"https:\/\/elbok.com.pl\/w\/wp-content\/uploads\/2015\/05\/brakfoto.png\" alt=\"brakfoto\" width=\"88\" height=\"64\" \/><\/p>\n<p style=\"text-align: center;\"><strong>BU-6<\/strong><\/p>\n<\/td>\n<td>\n<ul>\n<li>napi\u0119cie pracy: <strong>24 VDC<\/strong><\/li>\n<li>cz\u0119stotliwo\u015b\u0107 pracy: <strong>1,9 kHz<\/strong><\/li>\n<li>typ d\u017awi\u0119ku: <strong>ci\u0105g\u0142y<\/strong><\/li>\n<li>nat\u0119\u017cenie d\u017awi\u0119ku: <strong>max. 80 dB<\/strong><\/li>\n<li>pob\u00f3r pr\u0105du: <strong>max. 120 mA<\/strong><\/li>\n<li>masa: <strong>0,15 kg<\/strong><\/li>\n<\/ul>\n<\/td>\n<td style=\"text-align: center;\" align=\"middle\"><img loading=\"lazy\" decoding=\"async\" class=\"alignnone size-full wp-image-1204\" src=\"https:\/\/elbok.com.pl\/w\/wp-content\/uploads\/2022\/10\/no_pdf.png\" alt=\"\" width=\"48\" height=\"48\" \/><\/td>\n<\/tr>\n<tr>\n<td style=\"text-align: right;\" colspan=\"4\">.: Kategoria: Wyroby specjalne :: <a href=\"mailto:biuro@elbok.com.pl?subject=Pytanie%20o%20BU-6\">Zapytaj o ten produkt<\/a> :.<\/td>\n<\/tr>\n<\/tbody>\n<\/table>\n<\/div>\n","protected":false},"excerpt":{"rendered":"<p>Sygnalizatory d\u017awi\u0119kowe Przeznaczenie Sygnalizatory d\u017awi\u0119kowe przeznaczone s\u0105 do sygnalizacji d\u017awi\u0119kiem stan\u00f3w awaryjnych wyst\u0119puj\u0105cych na kontrolowanych &hellip;<\/p>\n","protected":false},"author":1,"featured_media":0,"parent":14,"menu_order":5,"comment_status":"closed","ping_status":"open","template":"","meta":{"footnotes":"","_wp_rev_ctl_limit":""},"class_list":["post-49","page","type-page","status-publish","hentry"],"_links":{"self":[{"href":"https:\/\/elbok.com.pl\/w\/wp-json\/wp\/v2\/pages\/49","targetHints":{"allow":["GET"]}}],"collection":[{"href":"https:\/\/elbok.com.pl\/w\/wp-json\/wp\/v2\/pages"}],"about":[{"href":"https:\/\/elbok.com.pl\/w\/wp-json\/wp\/v2\/types\/page"}],"author":[{"embeddable":true,"href":"https:\/\/elbok.com.pl\/w\/wp-json\/wp\/v2\/users\/1"}],"replies":[{"embeddable":true,"href":"https:\/\/elbok.com.pl\/w\/wp-json\/wp\/v2\/comments?post=49"}],"version-history":[{"count":2,"href":"https:\/\/elbok.com.pl\/w\/wp-json\/wp\/v2\/pages\/49\/revisions"}],"predecessor-version":[{"id":1256,"href":"https:\/\/elbok.com.pl\/w\/wp-json\/wp\/v2\/pages\/49\/revisions\/1256"}],"up":[{"embeddable":true,"href":"https:\/\/elbok.com.pl\/w\/wp-json\/wp\/v2\/pages\/14"}],"wp:attachment":[{"href":"https:\/\/elbok.com.pl\/w\/wp-json\/wp\/v2\/media?parent=49"}],"curies":[{"name":"wp","href":"https:\/\/api.w.org\/{rel}","templated":true}]}}