{"id":2,"date":"2015-04-27T14:46:44","date_gmt":"2015-04-27T12:46:44","guid":{"rendered":"https:\/\/elbok.com.pl\/w\/?page_id=2"},"modified":"2022-10-07T08:07:06","modified_gmt":"2022-10-07T06:07:06","slug":"przykladowa-strona","status":"publish","type":"page","link":"https:\/\/elbok.com.pl\/w\/przykladowa-strona\/","title":{"rendered":"O firmie"},"content":{"rendered":"<h1>O firmie<\/h1>\n<p><strong>ELBOK Babczyk Sp.j.<\/strong> to firma z sektora mikroprzedsi\u0119biorstw, dzia\u0142aj\u0105ca nieprzerwanie od 25 lat produkuj\u0105c i wdra\u017caj\u0105c swoje <strong>urz\u0105dzenia kontrolno-sterownicze<\/strong> przeznaczone na rynek <strong>automatyki przemys\u0142owej<\/strong>. <img loading=\"lazy\" decoding=\"async\" class=\"wp-image-394 size-thumbnail alignright\" src=\"https:\/\/elbok.com.pl\/w\/wp-content\/uploads\/2015\/05\/ws4-6-220-150x150.png\" alt=\"\" width=\"150\" height=\"150\" \/>Stawiamy g\u0142ownie na produkcj\u0119 <strong>urz\u0105dze\u0144 sygnalizacyjnych<\/strong> i nieskomplikowanych sterownik\u00f3w w oparciu o w\u0142asne rozwi\u0105zania.<\/p>\n<p>Nasze produkty to g\u0142\u00f3wnie rozwi\u0105zania, kt\u00f3re zosta\u0142y <strong>opracowane przez Nas<\/strong> pod konkretne zapotrzebowania naszych Klient\u00f3w i znalaz\u0142y p\u00f3\u017aniej szersze spektrum zainteresowania. W produktach staramy si\u0119 wykorzystywa\u0107 najnowsze rozwi\u0105zania z danej dziedziny, a nasz dzia\u0142 projektowy\u00a0jest otwarty na nowe wyzwania.<\/p>\n<p><img loading=\"lazy\" decoding=\"async\" class=\"wp-image-245 size-thumbnail alignleft\" src=\"https:\/\/elbok.com.pl\/w\/wp-content\/uploads\/2015\/04\/s4c-150x150.png\" alt=\"Kaseta S4C\" width=\"150\" height=\"150\" \/>Dzia\u0142amy wy\u0142\u0105cznie na zasadzie kapita\u0142u w\u0142asnego bez udzia\u0142u kapita\u0142u zagranicznego, dlatego rozumiemy jak wa\u017cny dla odbiorc\u00f3w jest w obecnej chwili stosunek mo\u017cliwo\u015bci do ceny ko\u0144cowego produktu.<\/p>\n<p>Nasze urz\u0105dzenia mo\u017cna znale\u017a\u0107 w wielu zak\u0142adach przemys\u0142owych na terenie kraju, a tak\u017ce poza jego granicami, m.in. w Czechach, Hiszpanii, Niemczech, Nigerii i w tzw. \u015acianie Wschodniej.<\/p>\n","protected":false},"excerpt":{"rendered":"<p>O firmie ELBOK Babczyk Sp.j. to firma z sektora mikroprzedsi\u0119biorstw, dzia\u0142aj\u0105ca nieprzerwanie od 25 lat &hellip;<\/p>\n","protected":false},"author":1,"featured_media":0,"parent":0,"menu_order":0,"comment_status":"closed","ping_status":"closed","template":"","meta":{"footnotes":"","_wp_rev_ctl_limit":""},"class_list":["post-2","page","type-page","status-publish","hentry"],"_links":{"self":[{"href":"https:\/\/elbok.com.pl\/w\/wp-json\/wp\/v2\/pages\/2","targetHints":{"allow":["GET"]}}],"collection":[{"href":"https:\/\/elbok.com.pl\/w\/wp-json\/wp\/v2\/pages"}],"about":[{"href":"https:\/\/elbok.com.pl\/w\/wp-json\/wp\/v2\/types\/page"}],"author":[{"embeddable":true,"href":"https:\/\/elbok.com.pl\/w\/wp-json\/wp\/v2\/users\/1"}],"replies":[{"embeddable":true,"href":"https:\/\/elbok.com.pl\/w\/wp-json\/wp\/v2\/comments?post=2"}],"version-history":[{"count":2,"href":"https:\/\/elbok.com.pl\/w\/wp-json\/wp\/v2\/pages\/2\/revisions"}],"predecessor-version":[{"id":1225,"href":"https:\/\/elbok.com.pl\/w\/wp-json\/wp\/v2\/pages\/2\/revisions\/1225"}],"wp:attachment":[{"href":"https:\/\/elbok.com.pl\/w\/wp-json\/wp\/v2\/media?parent=2"}],"curies":[{"name":"wp","href":"https:\/\/api.w.org\/{rel}","templated":true}]}}