{"id":18,"date":"2015-04-27T19:30:00","date_gmt":"2015-04-27T17:30:00","guid":{"rendered":"https:\/\/elbok.com.pl\/w\/?page_id=18"},"modified":"2024-04-17T14:22:24","modified_gmt":"2024-04-17T12:22:24","slug":"cennik","status":"publish","type":"page","link":"https:\/\/elbok.com.pl\/w\/cennik\/","title":{"rendered":"Cennik"},"content":{"rendered":"<h2>Cennik produkt\u00f3w (off-line)<\/h2>\n<hr \/>\n<div class=\"note\">\n<p style=\"text-align: center;\">Prosimy pobra\u0107 aktualny cennik w formacie PDF, gotowy do wydruku.<\/p>\n<p style=\"text-align: center;\"><a href=\"https:\/\/elbok.com.pl\/w\/wp-content\/uploads\/2024\/04\/elbok_cennik_2024.pdf\"><img loading=\"lazy\" decoding=\"async\" class=\"aligncenter wp-image-352 size-full\" src=\"https:\/\/elbok.com.pl\/w\/wp-content\/uploads\/2015\/05\/pdf.png\" alt=\"pdf\" width=\"48\" height=\"48\" \/><\/a><a href=\"https:\/\/elbok.com.pl\/w\/wp-content\/uploads\/2024\/04\/elbok_cennik_2024.pdf\">Pobierz<\/a><\/p>\n<p>&nbsp;<\/p>\n<\/div>\n<hr \/>\n<p>Ceny na pozosta\u0142e produkty nie uj\u0119te w podstawowym cenniku mo\u017cna uzyska\u0107 kontaktuj\u0105c si\u0119 z naszym biurem.<\/p>\n<p>W zwi\u0105zku z dynamiczn\u0105 sytuacj\u0105 na rynku zastrzegamy sobie mo\u017cliwo\u015b\u0107 zmian podanych cen.<\/p>\n","protected":false},"excerpt":{"rendered":"<p>Cennik produkt\u00f3w (off-line) Prosimy pobra\u0107 aktualny cennik w formacie PDF, gotowy do wydruku. Pobierz &nbsp; &hellip;<\/p>\n","protected":false},"author":1,"featured_media":0,"parent":0,"menu_order":3,"comment_status":"closed","ping_status":"closed","template":"","meta":{"footnotes":"","_wp_rev_ctl_limit":""},"class_list":["post-18","page","type-page","status-publish","hentry"],"_links":{"self":[{"href":"https:\/\/elbok.com.pl\/w\/wp-json\/wp\/v2\/pages\/18","targetHints":{"allow":["GET"]}}],"collection":[{"href":"https:\/\/elbok.com.pl\/w\/wp-json\/wp\/v2\/pages"}],"about":[{"href":"https:\/\/elbok.com.pl\/w\/wp-json\/wp\/v2\/types\/page"}],"author":[{"embeddable":true,"href":"https:\/\/elbok.com.pl\/w\/wp-json\/wp\/v2\/users\/1"}],"replies":[{"embeddable":true,"href":"https:\/\/elbok.com.pl\/w\/wp-json\/wp\/v2\/comments?post=18"}],"version-history":[{"count":2,"href":"https:\/\/elbok.com.pl\/w\/wp-json\/wp\/v2\/pages\/18\/revisions"}],"predecessor-version":[{"id":1358,"href":"https:\/\/elbok.com.pl\/w\/wp-json\/wp\/v2\/pages\/18\/revisions\/1358"}],"wp:attachment":[{"href":"https:\/\/elbok.com.pl\/w\/wp-json\/wp\/v2\/media?parent=18"}],"curies":[{"name":"wp","href":"https:\/\/api.w.org\/{rel}","templated":true}]}}