{"id":174,"date":"2015-05-01T09:39:40","date_gmt":"2015-05-01T07:39:40","guid":{"rendered":"https:\/\/elbok.com.pl\/w\/?page_id=174"},"modified":"2022-10-07T08:49:22","modified_gmt":"2022-10-07T06:49:22","slug":"kasety-synoptyczne-sterownikowe","status":"publish","type":"page","link":"https:\/\/elbok.com.pl\/w\/produkty\/kasety-synoptyczne-sterownikowe\/","title":{"rendered":"Kasety synoptyczne sterownikowe"},"content":{"rendered":"<h2>Przeznaczenie<\/h2>\n<p><strong>Kasety synoptyczne sterownikowe<\/strong> przeznaczone s\u0105 do wizualizacji stanu 8 lub 16 kana\u0142\u00f3w wej\u015bciowych sterownik\u00f3w.<\/p>\n<p><strong>Sygna\u0142em wej\u015bciowym<\/strong> dla kasety sterownikowej jest cyfrowa karta wyj\u015bciowa typu <strong>N<\/strong>, <strong>P<\/strong> lub karta przeka\u017anikowa dowolnego typu programowalnego sterownika.<\/p>\n<p>Sygnalizacje optyczn\u0105 stanowi\u0105 diody LED przyporz\u0105dkowane odpowiedniemu wej\u015bciu. Producent dostarcza kaset\u0119 z diodami LED w dw\u00f3ch wykonaniach:<\/p>\n<ul>\n<li><strong>jednokolorowe diody LED<\/strong> z wybranym przez Zamawiaj\u0105cego kolorem (zielony, czerwony, \u017c\u00f3\u0142ty) w dowolnej konfiguracji,<\/li>\n<li><strong>dwukolorowe diody LED<\/strong> z mo\u017cliwo\u015bci\u0105 wyboru kolor\u00f3w (zielony, czerwony, \u017c\u00f3\u0142ty) poprzez odpowiednie zwieranie lub rozwieranie pin\u00f3w wewn\u0105trz kasety. Spos\u00f3b ten umo\u017cliwia indywidualny dob\u00f3r kolor\u00f3w na obiekcie.<\/li>\n<\/ul>\n<p>Kaseta posiada te\u017c trzy przyciski membranowe:<\/p>\n<ul>\n<li><strong><img loading=\"lazy\" decoding=\"async\" src=\"https:\/\/elbok.com.pl\/w\/wp-content\/uploads\/2015\/05\/kb.png\" alt=\"kb\" width=\"50\" height=\"27\" \/> KB<\/strong> &#8211; <strong>K<\/strong>asowanie <strong>B<\/strong>uczka,<\/li>\n<li><strong><img loading=\"lazy\" decoding=\"async\" src=\"https:\/\/elbok.com.pl\/w\/wp-content\/uploads\/2015\/05\/kss.png\" alt=\"kss\" width=\"50\" height=\"27\" \/> KSS<\/strong> &#8211; <strong>K<\/strong>asowanie <strong>S<\/strong>ygnalizacji <strong>\u015a<\/strong>wietlnej<\/li>\n<li><strong><img loading=\"lazy\" decoding=\"async\" src=\"https:\/\/elbok.com.pl\/w\/wp-content\/uploads\/2015\/05\/kl.png\" alt=\"kl\" width=\"50\" height=\"27\" \/> KL<\/strong> &#8211; <strong>K<\/strong>ontrola diod <strong>L<\/strong>ed i buczka<\/li>\n<\/ul>\n<p>kt\u00f3re mo\u017cna pod\u0142\u0105czy\u0107 dodatkowo jako sygna\u0142y wej\u015bciowe do sterownika.<\/p>\n<p>Funkcje \u015bwiecenia diod i przycisk\u00f3w membranowych obs\u0142uguje program sterownika.<\/p>\n<h2>Obecnie produkowane modele kaset sterownikowych<\/h2>\n<div>\n<table width=\"100%\" cellspacing=\"0\" align=\"center\">\n<tbody>\n<tr>\n<td>KASETY SYNOPTYCZNE STEROWNIKOWE<\/td>\n<\/tr>\n<\/tbody>\n<\/table>\n<table width=\"100%\" cellspacing=\"0\" align=\"center\">\n<tbody>\n<tr>\n<td>TYP<\/td>\n<td>PODSTAWOWE PARAMETRY TECHNICZNE<\/td>\n<td width=\"20%\">DOKUMENTACJA<\/td>\n<\/tr>\n<tr>\n<td>\n<p style=\"text-align: center;\"><strong><a href=\"https:\/\/elbok.com.pl\/w\/wp-content\/uploads\/2015\/05\/s8.png\"><img loading=\"lazy\" decoding=\"async\" class=\"aligncenter wp-image-253\" title=\"Kaseta synoptyczna sterownikowa S8A-T, S8B-T\" src=\"https:\/\/elbok.com.pl\/w\/wp-content\/uploads\/2015\/05\/s8.png\" alt=\"Kaseta synoptyczna sterownikowa S8A-T, S8B-T\" width=\"120\" height=\"80\" srcset=\"https:\/\/elbok.com.pl\/w\/wp-content\/uploads\/2015\/05\/s8.png 717w, https:\/\/elbok.com.pl\/w\/wp-content\/uploads\/2015\/05\/s8-325x218.png 325w, https:\/\/elbok.com.pl\/w\/wp-content\/uploads\/2015\/05\/s8-454x304.png 454w, https:\/\/elbok.com.pl\/w\/wp-content\/uploads\/2015\/05\/s8-512x343.png 512w, https:\/\/elbok.com.pl\/w\/wp-content\/uploads\/2015\/05\/s8-300x201.png 300w, https:\/\/elbok.com.pl\/w\/wp-content\/uploads\/2015\/05\/s8-224x150.png 224w, https:\/\/elbok.com.pl\/w\/wp-content\/uploads\/2015\/05\/s8-150x100.png 150w\" sizes=\"auto, (max-width: 120px) 100vw, 120px\" \/><\/a>S8A(B)-T<\/strong><\/p>\n<\/td>\n<td>\n<ul>\n<li>ilo\u015b\u0107 kana\u0142\u00f3w: <strong>8<\/strong><\/li>\n<li>pob\u00f3r pr\u0105du: <strong>max. 160 mA<\/strong><\/li>\n<li>masa: <strong>0,4 kg<\/strong><\/li>\n<\/ul>\n<\/td>\n<td align=\"center\">\n<p><a href=\"https:\/\/elbok.com.pl\/w\/wp-content\/uploads\/2015\/05\/kss_s8ab-t.pdf\"><img loading=\"lazy\" decoding=\"async\" class=\"aligncenter wp-image-352 size-full\" src=\"https:\/\/elbok.com.pl\/w\/wp-content\/uploads\/2015\/05\/pdf.png\" alt=\"pdf\" width=\"48\" height=\"48\" \/><\/a><\/p>\n<p style=\"text-align: center;\"><a href=\"https:\/\/elbok.com.pl\/w\/wp-content\/uploads\/2015\/05\/kss_s8ab-t.pdf\">Pobierz<\/a><\/p>\n<\/td>\n<\/tr>\n<tr>\n<td style=\"text-align: right;\" colspan=\"4\">.: Kategoria: Kasety synoptyczne :: <a href=\"mailto:biuro@elbok.com.pl?subject=Pytanie%20o%20S8A(B)-T\">Zapytaj o ten produkt<\/a> :.<\/td>\n<\/tr>\n<tr>\n<td>\n<p style=\"text-align: center;\"><strong><a href=\"https:\/\/elbok.com.pl\/w\/wp-content\/uploads\/2015\/05\/s16.png\"><img loading=\"lazy\" decoding=\"async\" class=\"aligncenter wp-image-255\" title=\"Kaseta synoptyczna sterownikowa S16A-T, S16B-T\" src=\"https:\/\/elbok.com.pl\/w\/wp-content\/uploads\/2015\/05\/s16.png\" alt=\"Kaseta synoptyczna sterownikowa S16A-T, S16B-T\" width=\"120\" height=\"80\" srcset=\"https:\/\/elbok.com.pl\/w\/wp-content\/uploads\/2015\/05\/s16.png 717w, https:\/\/elbok.com.pl\/w\/wp-content\/uploads\/2015\/05\/s16-325x218.png 325w, https:\/\/elbok.com.pl\/w\/wp-content\/uploads\/2015\/05\/s16-454x304.png 454w, https:\/\/elbok.com.pl\/w\/wp-content\/uploads\/2015\/05\/s16-512x343.png 512w, https:\/\/elbok.com.pl\/w\/wp-content\/uploads\/2015\/05\/s16-300x201.png 300w, https:\/\/elbok.com.pl\/w\/wp-content\/uploads\/2015\/05\/s16-224x150.png 224w, https:\/\/elbok.com.pl\/w\/wp-content\/uploads\/2015\/05\/s16-150x100.png 150w\" sizes=\"auto, (max-width: 120px) 100vw, 120px\" \/><\/a>S16A(B)-T<\/strong><\/p>\n<\/td>\n<td>\n<ul>\n<li style=\"list-style-type: none;\">\n<ul>\n<li>ilo\u015b\u0107 kana\u0142\u00f3w: <strong>16<\/strong><\/li>\n<\/ul>\n<\/li>\n<\/ul>\n<ul>\n<li>pob\u00f3r pr\u0105du: <strong>max. 320 mA<\/strong><\/li>\n<li>masa: <strong>0,5 kg<\/strong><\/li>\n<\/ul>\n<\/td>\n<td align=\"center\">\n<p><a href=\"https:\/\/elbok.com.pl\/w\/wp-content\/uploads\/2015\/05\/kss_s16ab-t.pdf\"><img loading=\"lazy\" decoding=\"async\" class=\"aligncenter wp-image-352 size-full\" src=\"https:\/\/elbok.com.pl\/w\/wp-content\/uploads\/2015\/05\/pdf.png\" alt=\"pdf\" width=\"48\" height=\"48\" \/><\/a><\/p>\n<p style=\"text-align: center;\"><a href=\"https:\/\/elbok.com.pl\/w\/wp-content\/uploads\/2015\/05\/kss_s16ab-t.pdf\">Pobierz<\/a><\/p>\n<\/td>\n<\/tr>\n<tr>\n<td style=\"text-align: right;\" colspan=\"4\">.: Kategoria: Kasety synoptyczne :: <a href=\"mailto:biuro@elbok.com.pl?subject=Pytanie%20o%20S16A(B)-T\">Zapytaj o ten produkt<\/a> :.<\/td>\n<\/tr>\n<\/tbody>\n<\/table>\n<\/div>\n<p><strong>Zobacz r\u00f3wnie\u017c ofert\u0119 <a href=\"https:\/\/elbok.com.pl\/w\/produkty\/kasety-synoptyczne\/\">kaset synoptycznych<\/a><\/strong>.<\/p>\n","protected":false},"excerpt":{"rendered":"<p>Przeznaczenie Kasety synoptyczne sterownikowe przeznaczone s\u0105 do wizualizacji stanu 8 lub 16 kana\u0142\u00f3w wej\u015bciowych sterownik\u00f3w. &hellip;<\/p>\n","protected":false},"author":1,"featured_media":0,"parent":14,"menu_order":2,"comment_status":"closed","ping_status":"open","template":"","meta":{"footnotes":"","_wp_rev_ctl_limit":""},"class_list":["post-174","page","type-page","status-publish","hentry"],"_links":{"self":[{"href":"https:\/\/elbok.com.pl\/w\/wp-json\/wp\/v2\/pages\/174","targetHints":{"allow":["GET"]}}],"collection":[{"href":"https:\/\/elbok.com.pl\/w\/wp-json\/wp\/v2\/pages"}],"about":[{"href":"https:\/\/elbok.com.pl\/w\/wp-json\/wp\/v2\/types\/page"}],"author":[{"embeddable":true,"href":"https:\/\/elbok.com.pl\/w\/wp-json\/wp\/v2\/users\/1"}],"replies":[{"embeddable":true,"href":"https:\/\/elbok.com.pl\/w\/wp-json\/wp\/v2\/comments?post=174"}],"version-history":[{"count":1,"href":"https:\/\/elbok.com.pl\/w\/wp-json\/wp\/v2\/pages\/174\/revisions"}],"predecessor-version":[{"id":1248,"href":"https:\/\/elbok.com.pl\/w\/wp-json\/wp\/v2\/pages\/174\/revisions\/1248"}],"up":[{"embeddable":true,"href":"https:\/\/elbok.com.pl\/w\/wp-json\/wp\/v2\/pages\/14"}],"wp:attachment":[{"href":"https:\/\/elbok.com.pl\/w\/wp-json\/wp\/v2\/media?parent=174"}],"curies":[{"name":"wp","href":"https:\/\/api.w.org\/{rel}","templated":true}]}}