{"id":120,"date":"2015-04-29T18:06:26","date_gmt":"2015-04-29T16:06:26","guid":{"rendered":"https:\/\/elbok.com.pl\/w\/?page_id=120"},"modified":"2022-10-07T10:58:50","modified_gmt":"2022-10-07T08:58:50","slug":"lista-referencyjna","status":"publish","type":"page","link":"https:\/\/elbok.com.pl\/w\/przykladowa-strona\/lista-referencyjna\/","title":{"rendered":"Lista referencyjna"},"content":{"rendered":"<h2>Lista referencyjna<\/h2>\n<p>Nasze produkty mo\u017cna znale\u017a\u0107 w wielu przedsi\u0119biorstwach na terenie ca\u0142ego kraju, a tak\u017ce poza jego granicami. Zaufali nam m.in:<\/p>\n<table style=\"height: 1982px;\" width=\"1070\">\n<tbody>\n<tr>\n<td style=\"text-align: center; vertical-align: middle;\">\n<p><img loading=\"lazy\" decoding=\"async\" class=\"alignnone wp-image-1230 size-full\" src=\"https:\/\/elbok.com.pl\/w\/wp-content\/uploads\/2022\/10\/anwil_logo.png\" alt=\"\" width=\"252\" height=\"84\" \/><\/p>\n<p><b>ANWIL W\u0142oc\u0142awek<\/b><\/p>\n<p>Grupa <b>ORLEN<\/b><\/p>\n<\/td>\n<td style=\"text-align: center; vertical-align: middle;\">\n<p><img loading=\"lazy\" decoding=\"async\" class=\"alignnone wp-image-754 size-medium\" src=\"https:\/\/elbok.com.pl\/w\/wp-content\/uploads\/2015\/04\/am-300x154.png\" alt=\"\" width=\"300\" height=\"154\" srcset=\"https:\/\/elbok.com.pl\/w\/wp-content\/uploads\/2015\/04\/am-300x154.png 300w, https:\/\/elbok.com.pl\/w\/wp-content\/uploads\/2015\/04\/am-150x77.png 150w, https:\/\/elbok.com.pl\/w\/wp-content\/uploads\/2015\/04\/am-250x129.png 250w, https:\/\/elbok.com.pl\/w\/wp-content\/uploads\/2015\/04\/am.png 313w\" sizes=\"auto, (max-width: 300px) 100vw, 300px\" \/><\/p>\n<p><b><\/b><b>ArcelorMittal Poland SA<\/b><\/p>\n<p><img decoding=\"async\" class=\" aligncenter\" src=\"http:\/\/elbok.com.pl\/graphix\/r_anwil.gif\" alt=\"\" border=\"0\" \/><b><\/b><b><\/b><\/p>\n<\/td>\n<\/tr>\n<tr>\n<td style=\"text-align: center; vertical-align: middle;\">\n<p><img loading=\"lazy\" decoding=\"async\" class=\"alignnone wp-image-1284 size-full\" src=\"https:\/\/elbok.com.pl\/w\/wp-content\/uploads\/2022\/10\/enea_logo.png\" alt=\"\" width=\"282\" height=\"118\" \/><\/p>\n<p><b>Elektrownia &#8222;Kozienice&#8221;<\/b><\/p>\n<p>Grupa <strong>ENEA<\/strong><\/p>\n<\/td>\n<td style=\"text-align: center; vertical-align: middle;\">\n<p><img loading=\"lazy\" decoding=\"async\" class=\"alignnone wp-image-1285 size-medium\" src=\"https:\/\/elbok.com.pl\/w\/wp-content\/uploads\/2022\/10\/int_paper_logo-300x43.png\" alt=\"\" width=\"300\" height=\"43\" srcset=\"https:\/\/elbok.com.pl\/w\/wp-content\/uploads\/2022\/10\/int_paper_logo-300x43.png 300w, https:\/\/elbok.com.pl\/w\/wp-content\/uploads\/2022\/10\/int_paper_logo-325x46.png 325w, https:\/\/elbok.com.pl\/w\/wp-content\/uploads\/2022\/10\/int_paper_logo-454x65.png 454w, https:\/\/elbok.com.pl\/w\/wp-content\/uploads\/2022\/10\/int_paper_logo.png 464w\" sizes=\"auto, (max-width: 300px) 100vw, 300px\" \/><\/p>\n<p><b>&#8222;INTERNATIONAL PAPER&#8221; Kwidzyn<\/b><img decoding=\"async\" class=\" aligncenter\" src=\"http:\/\/elbok.com.pl\/graphix\/r_ecbelchatow.gif\" alt=\"\" border=\"0\" \/><b><\/b><b><\/b><\/p>\n<\/td>\n<\/tr>\n<tr>\n<td style=\"text-align: center; vertical-align: middle;\">\n<p><img loading=\"lazy\" decoding=\"async\" class=\"aligncenter wp-image-1283 size-full\" src=\"https:\/\/elbok.com.pl\/w\/wp-content\/uploads\/2022\/10\/hitachi_energy_logo.png\" alt=\"\" width=\"300\" height=\"52\" \/><\/p>\n<p><strong>Hitachi Energy<\/strong><b><\/b><\/p>\n<\/td>\n<td style=\"text-align: center; vertical-align: middle;\">\n<p><img decoding=\"async\" class=\" aligncenter\" src=\"http:\/\/elbok.com.pl\/graphix\/r_eckozienice.gif\" alt=\"\" border=\"0\" \/><b><\/b><\/p>\n<p><img loading=\"lazy\" decoding=\"async\" class=\"alignnone wp-image-1286 size-medium\" src=\"https:\/\/elbok.com.pl\/w\/wp-content\/uploads\/2022\/10\/KGHM_PM_Logo_NonMet_RGB_Pos-300x83.jpg\" alt=\"\" width=\"300\" height=\"83\" srcset=\"https:\/\/elbok.com.pl\/w\/wp-content\/uploads\/2022\/10\/KGHM_PM_Logo_NonMet_RGB_Pos-300x83.jpg 300w, https:\/\/elbok.com.pl\/w\/wp-content\/uploads\/2022\/10\/KGHM_PM_Logo_NonMet_RGB_Pos-768x212.jpg 768w, https:\/\/elbok.com.pl\/w\/wp-content\/uploads\/2022\/10\/KGHM_PM_Logo_NonMet_RGB_Pos-1024x283.jpg 1024w, https:\/\/elbok.com.pl\/w\/wp-content\/uploads\/2022\/10\/KGHM_PM_Logo_NonMet_RGB_Pos-325x90.jpg 325w, https:\/\/elbok.com.pl\/w\/wp-content\/uploads\/2022\/10\/KGHM_PM_Logo_NonMet_RGB_Pos-454x125.jpg 454w, https:\/\/elbok.com.pl\/w\/wp-content\/uploads\/2022\/10\/KGHM_PM_Logo_NonMet_RGB_Pos-800x221.jpg 800w, https:\/\/elbok.com.pl\/w\/wp-content\/uploads\/2022\/10\/KGHM_PM_Logo_NonMet_RGB_Pos-512x141.jpg 512w, https:\/\/elbok.com.pl\/w\/wp-content\/uploads\/2022\/10\/KGHM_PM_Logo_NonMet_RGB_Pos.jpg 1181w\" sizes=\"auto, (max-width: 300px) 100vw, 300px\" \/><\/p>\n<p><b>KGHM &#8222;Polska Mied\u017a&#8221; S.A.<\/b><b><\/b><\/p>\n<\/td>\n<\/tr>\n<tr>\n<td style=\"text-align: center; vertical-align: middle;\">\n<p><img loading=\"lazy\" decoding=\"async\" class=\"alignnone size-medium wp-image-1287\" src=\"https:\/\/elbok.com.pl\/w\/wp-content\/uploads\/2022\/10\/bogdanka_logo-300x47.png\" alt=\"\" width=\"300\" height=\"47\" srcset=\"https:\/\/elbok.com.pl\/w\/wp-content\/uploads\/2022\/10\/bogdanka_logo-300x47.png 300w, https:\/\/elbok.com.pl\/w\/wp-content\/uploads\/2022\/10\/bogdanka_logo-325x51.png 325w, https:\/\/elbok.com.pl\/w\/wp-content\/uploads\/2022\/10\/bogdanka_logo.png 436w\" sizes=\"auto, (max-width: 300px) 100vw, 300px\" \/><\/p>\n<p><b>Lubelski W\u0119giel &#8222;Bogdanka&#8221; SA<\/b><img decoding=\"async\" class=\" aligncenter\" src=\"http:\/\/elbok.com.pl\/graphix\/r_sefako.gif\" alt=\"\" border=\"0\" \/><b><\/b><\/p>\n<\/td>\n<td style=\"text-align: center; vertical-align: middle;\"><b>Kopalnia W\u0119gla Brunatnego &#8222;Be\u0142chat\u00f3w&#8221;<\/b><img decoding=\"async\" class=\" aligncenter\" src=\"http:\/\/elbok.com.pl\/graphix\/r_ipaperkwidzyn.gif\" alt=\"\" border=\"0\" \/><b><\/b><\/td>\n<\/tr>\n<tr>\n<td style=\"text-align: center;\"><strong><img decoding=\"async\" src=\"http:\/\/elbok.com.pl\/graphix\/r_kghm.gif\" alt=\"\" border=\"0\" \/>&#8222;ORLEN&#8221; P\u0142ock<\/strong><\/td>\n<td style=\"text-align: center;\"><strong>Oczyszczalnia \u015aciek\u00f3w &#8222;Kapu\u015bciska&#8221;<img decoding=\"async\" src=\"http:\/\/elbok.com.pl\/graphix\/r_bogdanka.gif\" alt=\"\" border=\"0\" \/><\/strong><\/td>\n<\/tr>\n<tr>\n<td style=\"text-align: center; vertical-align: middle;\">\n<p><img loading=\"lazy\" decoding=\"async\" class=\"alignnone wp-image-1231 size-medium\" src=\"https:\/\/elbok.com.pl\/w\/wp-content\/uploads\/2022\/10\/pge_logo-300x138.png\" alt=\"\" width=\"300\" height=\"138\" srcset=\"https:\/\/elbok.com.pl\/w\/wp-content\/uploads\/2022\/10\/pge_logo-300x138.png 300w, https:\/\/elbok.com.pl\/w\/wp-content\/uploads\/2022\/10\/pge_logo-325x150.png 325w, https:\/\/elbok.com.pl\/w\/wp-content\/uploads\/2022\/10\/pge_logo-454x209.png 454w, https:\/\/elbok.com.pl\/w\/wp-content\/uploads\/2022\/10\/pge_logo.png 476w\" sizes=\"auto, (max-width: 300px) 100vw, 300px\" \/><\/p>\n<p><b>PGE Elektrownia &#8222;Be\u0142chat\u00f3w&#8221; S.A.<\/b><\/p>\n<p><img decoding=\"async\" class=\" aligncenter\" src=\"http:\/\/elbok.com.pl\/graphix\/r_kwbelchatow.gif\" alt=\"\" border=\"0\" \/><b><\/b><\/td>\n<td style=\"text-align: center; vertical-align: middle;\">\n<p><img loading=\"lazy\" decoding=\"async\" class=\"alignnone size-medium wp-image-1288\" src=\"https:\/\/elbok.com.pl\/w\/wp-content\/uploads\/2022\/10\/sto_olsztyn_logo-300x52.png\" alt=\"\" width=\"300\" height=\"52\" srcset=\"https:\/\/elbok.com.pl\/w\/wp-content\/uploads\/2022\/10\/sto_olsztyn_logo-300x52.png 300w, https:\/\/elbok.com.pl\/w\/wp-content\/uploads\/2022\/10\/sto_olsztyn_logo-768x134.png 768w, https:\/\/elbok.com.pl\/w\/wp-content\/uploads\/2022\/10\/sto_olsztyn_logo-325x57.png 325w, https:\/\/elbok.com.pl\/w\/wp-content\/uploads\/2022\/10\/sto_olsztyn_logo-454x79.png 454w, https:\/\/elbok.com.pl\/w\/wp-content\/uploads\/2022\/10\/sto_olsztyn_logo-800x140.png 800w, https:\/\/elbok.com.pl\/w\/wp-content\/uploads\/2022\/10\/sto_olsztyn_logo-512x89.png 512w, https:\/\/elbok.com.pl\/w\/wp-content\/uploads\/2022\/10\/sto_olsztyn_logo.png 900w\" sizes=\"auto, (max-width: 300px) 100vw, 300px\" \/><\/p>\n<p><b>Sto<\/b><b>mil Olsztyn<\/b><img decoding=\"async\" class=\" aligncenter\" src=\"http:\/\/elbok.com.pl\/graphix\/r_orlen.gif\" alt=\"\" border=\"0\" \/><b><\/b><\/p>\n<\/td>\n<\/tr>\n<tr>\n<td style=\"text-align: center; vertical-align: middle;\">\n<p><img loading=\"lazy\" decoding=\"async\" class=\"alignnone wp-image-755 size-full\" src=\"https:\/\/elbok.com.pl\/w\/wp-content\/uploads\/2015\/04\/transmag.png\" alt=\"\" width=\"226\" height=\"162\" srcset=\"https:\/\/elbok.com.pl\/w\/wp-content\/uploads\/2015\/04\/transmag.png 226w, https:\/\/elbok.com.pl\/w\/wp-content\/uploads\/2015\/04\/transmag-150x108.png 150w, https:\/\/elbok.com.pl\/w\/wp-content\/uploads\/2015\/04\/transmag-209x150.png 209w\" sizes=\"auto, (max-width: 226px) 100vw, 226px\" \/><\/p>\n<p><b>Transmag R. S.<br \/>\n<\/b><\/p>\n<\/td>\n<td style=\"text-align: center; vertical-align: middle;\">\n<p><img loading=\"lazy\" decoding=\"async\" class=\"alignnone wp-image-757 size-medium\" src=\"https:\/\/elbok.com.pl\/w\/wp-content\/uploads\/2015\/04\/wago-300x102.png\" alt=\"\" width=\"300\" height=\"102\" srcset=\"https:\/\/elbok.com.pl\/w\/wp-content\/uploads\/2015\/04\/wago-300x102.png 300w, https:\/\/elbok.com.pl\/w\/wp-content\/uploads\/2015\/04\/wago-325x110.png 325w, https:\/\/elbok.com.pl\/w\/wp-content\/uploads\/2015\/04\/wago-250x85.png 250w, https:\/\/elbok.com.pl\/w\/wp-content\/uploads\/2015\/04\/wago-150x51.png 150w, https:\/\/elbok.com.pl\/w\/wp-content\/uploads\/2015\/04\/wago.png 386w\" sizes=\"auto, (max-width: 300px) 100vw, 300px\" \/><\/p>\n<p><b>WAGO-ELWAG<br \/>\n<\/b><\/p>\n<\/td>\n<\/tr>\n<tr>\n<td style=\"text-align: center; vertical-align: middle;\">\n<p><img loading=\"lazy\" decoding=\"async\" class=\"alignnone wp-image-1235 size-full\" src=\"https:\/\/elbok.com.pl\/w\/wp-content\/uploads\/2022\/10\/gr_azoty_logo.png\" alt=\"\" width=\"245\" height=\"224\" \/><\/p>\n<p><b>Zak\u0142ady Azotowe &#8222;Pu\u0142awy&#8221; S.A.<br \/>\n<\/b><\/p>\n<\/td>\n<td style=\"text-align: center; vertical-align: middle;\">\n<p><img loading=\"lazy\" decoding=\"async\" class=\"alignnone wp-image-756 size-full\" src=\"https:\/\/elbok.com.pl\/w\/wp-content\/uploads\/2015\/04\/zpue-koronea.png\" alt=\"\" width=\"240\" height=\"175\" srcset=\"https:\/\/elbok.com.pl\/w\/wp-content\/uploads\/2015\/04\/zpue-koronea.png 240w, https:\/\/elbok.com.pl\/w\/wp-content\/uploads\/2015\/04\/zpue-koronea-150x109.png 150w, https:\/\/elbok.com.pl\/w\/wp-content\/uploads\/2015\/04\/zpue-koronea-206x150.png 206w\" sizes=\"auto, (max-width: 240px) 100vw, 240px\" \/><\/p>\n<p><b><\/b><b>ZPUE S.A. W\u0142oszczowa<br \/>\n<\/b>Grupa <b>Koronea<\/b><\/p>\n<\/td>\n<\/tr>\n<\/tbody>\n<\/table>\n<p>A tak\u017ce:<\/p>\n<table style=\"width: 99.8987%;\">\n<tbody>\n<tr>\n<td style=\"width: 50.1687%;\">\n<ul>\n<li><strong>ALLCOMP<\/strong>, Katowice<\/li>\n<li><strong>TAURON Dystrybucja<\/strong>,\u00a0Wroc\u0142aw<\/li>\n<li><strong>VOLEN<\/strong>, Katowice<\/li>\n<li><strong>ZAE<\/strong>, Wroc\u0142aw<\/li>\n<li><strong>ENERGO-EKO-SYSTEM<\/strong>, Katowice<\/li>\n<li><strong>Belma<\/strong>, Bia\u0142e B\u0142ota<\/li>\n<li><strong>CARBOAUTOMATYKA<\/strong>, Tychy<\/li>\n<li><strong>ZPAS<\/strong>, Wolib\u00f3rz<\/li>\n<li><strong>POLAM-ELTA<\/strong>, Warszawa<\/li>\n<\/ul>\n<\/td>\n<td style=\"width: 94.4306%;\">\n<ul>\n<li><strong>ZREMB<\/strong>, Krak\u00f3w<\/li>\n<li><strong>SKAMER-ACM<\/strong>, Tarn\u00f3w<\/li>\n<li><strong>NOTA-BENE<\/strong>, Wroc\u0142aw<\/li>\n<li><strong>ZK-REM<\/strong>, Zdzieszowice<\/li>\n<li><strong>ENERGA-OPERATOR<\/strong>, P\u0142ock<\/li>\n<li><strong>APS Energia<\/strong>, Zielonka<\/li>\n<li><strong>PROCOM SYSTEM<\/strong>, Wroc\u0142aw<\/li>\n<li><strong>HENKIS<\/strong>, Marki<\/li>\n<li><strong>ENERGO-ZAP<\/strong>, Ostr\u00f3w Wlk.<\/li>\n<\/ul>\n<\/td>\n<\/tr>\n<\/tbody>\n<\/table>\n<p>Wybrane nasze produkty mo\u017cna znale\u017a\u0107\u00a0r\u00f3wnie\u017c w hurtowniach, kt\u00f3re od lat s\u0105 naszymi klientami:<\/p>\n<table style=\"width: 66.8206%;\">\n<tbody>\n<tr>\n<td style=\"width: 49.3632%;\">\n<ul>\n<li>TME<\/li>\n<li>ELGRA<\/li>\n<li>POLIMET<\/li>\n<li>ELEKTROSKANDIA<\/li>\n<li>ACEL<\/li>\n<li>JUPRO-TEAM<\/li>\n<li>KACZMAREK ELECTRIC<\/li>\n<li>KOPEL<\/li>\n<li>GRODNO<\/li>\n<\/ul>\n<\/td>\n<td style=\"width: 77.8885%;\">\n<ul>\n<li>BeZeT<\/li>\n<li>ALFA-ELEKTRO<\/li>\n<li>LEMAR Electronic<\/li>\n<li>ELEKTROTIM<\/li>\n<li>MEGA-HURT<\/li>\n<li>ELEKTROGIE\u0141DA<\/li>\n<li>EL12<\/li>\n<li>ELGAL<\/li>\n<li>ONINEN<\/li>\n<\/ul>\n<\/td>\n<\/tr>\n<\/tbody>\n<\/table>\n<p>&nbsp;<\/p>\n","protected":false},"excerpt":{"rendered":"<p>Lista referencyjna Nasze produkty mo\u017cna znale\u017a\u0107 w wielu przedsi\u0119biorstwach na terenie ca\u0142ego kraju, a tak\u017ce &hellip;<\/p>\n","protected":false},"author":1,"featured_media":0,"parent":2,"menu_order":99,"comment_status":"closed","ping_status":"closed","template":"","meta":{"footnotes":"","_wp_rev_ctl_limit":""},"class_list":["post-120","page","type-page","status-publish","hentry"],"_links":{"self":[{"href":"https:\/\/elbok.com.pl\/w\/wp-json\/wp\/v2\/pages\/120","targetHints":{"allow":["GET"]}}],"collection":[{"href":"https:\/\/elbok.com.pl\/w\/wp-json\/wp\/v2\/pages"}],"about":[{"href":"https:\/\/elbok.com.pl\/w\/wp-json\/wp\/v2\/types\/page"}],"author":[{"embeddable":true,"href":"https:\/\/elbok.com.pl\/w\/wp-json\/wp\/v2\/users\/1"}],"replies":[{"embeddable":true,"href":"https:\/\/elbok.com.pl\/w\/wp-json\/wp\/v2\/comments?post=120"}],"version-history":[{"count":3,"href":"https:\/\/elbok.com.pl\/w\/wp-json\/wp\/v2\/pages\/120\/revisions"}],"predecessor-version":[{"id":1295,"href":"https:\/\/elbok.com.pl\/w\/wp-json\/wp\/v2\/pages\/120\/revisions\/1295"}],"up":[{"embeddable":true,"href":"https:\/\/elbok.com.pl\/w\/wp-json\/wp\/v2\/pages\/2"}],"wp:attachment":[{"href":"https:\/\/elbok.com.pl\/w\/wp-json\/wp\/v2\/media?parent=120"}],"curies":[{"name":"wp","href":"https:\/\/api.w.org\/{rel}","templated":true}]}}