{"id":113,"date":"2015-04-29T18:01:14","date_gmt":"2015-04-29T16:01:14","guid":{"rendered":"https:\/\/elbok.com.pl\/w\/?page_id=113"},"modified":"2022-10-24T08:27:43","modified_gmt":"2022-10-24T06:27:43","slug":"gdzie-jestesmy","status":"publish","type":"page","link":"https:\/\/elbok.com.pl\/w\/kontakt\/gdzie-jestesmy\/","title":{"rendered":"Gdzie jeste\u015bmy"},"content":{"rendered":"<p>Je\u015bli chcieliby\u015bcie Pa\u0144stwo skontaktowa\u0107 si\u0119 z nami bezpo\u015brednio w siedzibie firmy, a nie znaj\u0105 Pa\u0144stwo miasta Katowice, to w celu u\u0142atwienia dojazdu przedstawiamy Pa\u0144stwu map\u0119 z lokalizacj\u0105 Naszej firmy.<\/p>\n<div>\u00a0<\/div>\n<div><a href=\"https:\/\/mapa.targeo.pl\/Elbok,miejsce_13828654\"><img loading=\"lazy\" decoding=\"async\" class=\"alignnone wp-image-595 size-full\" src=\"https:\/\/elbok.com.pl\/w\/wp-content\/uploads\/2015\/04\/mapka.png\" alt=\"mapka\" width=\"480\" height=\"320\" srcset=\"https:\/\/elbok.com.pl\/w\/wp-content\/uploads\/2015\/04\/mapka.png 480w, https:\/\/elbok.com.pl\/w\/wp-content\/uploads\/2015\/04\/mapka-325x217.png 325w, https:\/\/elbok.com.pl\/w\/wp-content\/uploads\/2015\/04\/mapka-454x303.png 454w, https:\/\/elbok.com.pl\/w\/wp-content\/uploads\/2015\/04\/mapka-300x200.png 300w, https:\/\/elbok.com.pl\/w\/wp-content\/uploads\/2015\/04\/mapka-225x150.png 225w, https:\/\/elbok.com.pl\/w\/wp-content\/uploads\/2015\/04\/mapka-150x100.png 150w\" sizes=\"auto, (max-width: 480px) 100vw, 480px\" \/><\/a><\/div>\n<div>Powered by <a title=\"Targeo\" href=\"http:\/\/www.targeo.pl\/\">Targeo\u00ae<\/a> | <a title=\"AutoMapa\" href=\"http:\/\/www.automapa.pl\/\">AutoMapa\u00ae<\/a><\/div>\n<p>&nbsp;<\/p>\n<p><strong>Serdecznie zapraszamy<\/strong><\/p>\n","protected":false},"excerpt":{"rendered":"<p>Je\u015bli chcieliby\u015bcie Pa\u0144stwo skontaktowa\u0107 si\u0119 z nami bezpo\u015brednio w siedzibie firmy, a nie znaj\u0105 Pa\u0144stwo &hellip;<\/p>\n","protected":false},"author":1,"featured_media":0,"parent":20,"menu_order":1,"comment_status":"closed","ping_status":"open","template":"","meta":{"footnotes":"","_wp_rev_ctl_limit":""},"class_list":["post-113","page","type-page","status-publish","hentry"],"_links":{"self":[{"href":"https:\/\/elbok.com.pl\/w\/wp-json\/wp\/v2\/pages\/113","targetHints":{"allow":["GET"]}}],"collection":[{"href":"https:\/\/elbok.com.pl\/w\/wp-json\/wp\/v2\/pages"}],"about":[{"href":"https:\/\/elbok.com.pl\/w\/wp-json\/wp\/v2\/types\/page"}],"author":[{"embeddable":true,"href":"https:\/\/elbok.com.pl\/w\/wp-json\/wp\/v2\/users\/1"}],"replies":[{"embeddable":true,"href":"https:\/\/elbok.com.pl\/w\/wp-json\/wp\/v2\/comments?post=113"}],"version-history":[{"count":2,"href":"https:\/\/elbok.com.pl\/w\/wp-json\/wp\/v2\/pages\/113\/revisions"}],"predecessor-version":[{"id":1329,"href":"https:\/\/elbok.com.pl\/w\/wp-json\/wp\/v2\/pages\/113\/revisions\/1329"}],"up":[{"embeddable":true,"href":"https:\/\/elbok.com.pl\/w\/wp-json\/wp\/v2\/pages\/20"}],"wp:attachment":[{"href":"https:\/\/elbok.com.pl\/w\/wp-json\/wp\/v2\/media?parent=113"}],"curies":[{"name":"wp","href":"https:\/\/api.w.org\/{rel}","templated":true}]}}