{"id":108,"date":"2015-04-29T17:46:01","date_gmt":"2015-04-29T15:46:01","guid":{"rendered":"https:\/\/elbok.com.pl\/w\/?page_id=108"},"modified":"2022-10-24T08:18:22","modified_gmt":"2022-10-24T06:18:22","slug":"nowosci","status":"publish","type":"page","link":"https:\/\/elbok.com.pl\/w\/produkty\/nowosci\/","title":{"rendered":"Nowo\u015bci"},"content":{"rendered":"<h1>Nowo\u015bci w ofercie firmy<\/h1>\n<p>W tym miejscu umie\u015bcili\u015bmy skr\u00f3t oferty z najnowszymi produktami Naszej firmy, kt\u00f3re mog\u0105 Pa\u0144stwa zainteresowa\u0107.<\/p>\n<table style=\"width: 100%; height: 881px;\" width=\"100%\" cellspacing=\"0\" align=\"center\">\n<tbody>\n<tr style=\"background-color: #fffcad;\">\n<td style=\"height: 86px; width: 18.6298%;\">\n<p>&nbsp;<\/p>\n<p><a href=\"https:\/\/elbok.com.pl\/w\/wp-content\/uploads\/2022\/10\/wc-01-cpu.png\"><img loading=\"lazy\" decoding=\"async\" class=\"alignnone wp-image-1308 size-medium\" src=\"https:\/\/elbok.com.pl\/w\/wp-content\/uploads\/2022\/10\/wc-01-cpu-300x208.png\" alt=\"Wska\u017anik cyfrowy WC-01\" width=\"300\" height=\"208\" srcset=\"https:\/\/elbok.com.pl\/w\/wp-content\/uploads\/2022\/10\/wc-01-cpu-300x208.png 300w, https:\/\/elbok.com.pl\/w\/wp-content\/uploads\/2022\/10\/wc-01-cpu-768x533.png 768w, https:\/\/elbok.com.pl\/w\/wp-content\/uploads\/2022\/10\/wc-01-cpu-325x225.png 325w, https:\/\/elbok.com.pl\/w\/wp-content\/uploads\/2022\/10\/wc-01-cpu-454x315.png 454w, https:\/\/elbok.com.pl\/w\/wp-content\/uploads\/2022\/10\/wc-01-cpu-512x355.png 512w, https:\/\/elbok.com.pl\/w\/wp-content\/uploads\/2022\/10\/wc-01-cpu.png 800w\" sizes=\"auto, (max-width: 300px) 100vw, 300px\" \/><\/a><\/p>\n<p style=\"text-align: center;\"><strong>WC-01<\/strong><\/p>\n<\/td>\n<td style=\"height: 86px; width: 61.2981%;\">\n<ul>\n<li>rodzaj wej\u015b\u0107: <strong>pr\u0105dowe, napi\u0119ciowe<\/strong><\/li>\n<li>zakres pracy wej\u015bcia pr\u0105dowego: <strong>4-20mA DC<\/strong> lub <strong>0-20mA DC<\/strong><\/li>\n<li>zakres pracy wej\u015bcia napi\u0119ciowego: <strong>0-10V DC<\/strong><\/li>\n<li>spos\u00f3b wskaza\u0144: <strong>4 poz. wy\u015bwietlacz alfanumeryczny LED<\/strong><\/li>\n<li>mo\u017cliwo\u015b\u0107 zaprogramowania warto\u015bci wskaza\u0144 &#8211; <strong>mapowanie zakresu<\/strong><\/li>\n<li>mo\u017cliwo\u015b\u0107 rekalibracji w celu zmiany zakresu<\/li>\n<li>kolor wy\u015bwietlania: <strong>czerwony<\/strong><\/li>\n<li>napi\u0119cie zasilania: <strong>24V DC<\/strong><\/li>\n<\/ul>\n<\/td>\n<td style=\"text-align: center; height: 86px; width: 20%;\">\n<p>&nbsp;<\/p>\n<\/td>\n<\/tr>\n<tr style=\"height: 57px;\">\n<td style=\"width: 99.9279%; height: 57px;\" colspan=\"3\">\n<p style=\"text-align: right;\">.: Kategoria: Wska\u017aniki i bargrafy :: <strong><a href=\"https:\/\/elbok.com.pl\/w\/produkty\/wskazniki-i-bargrafy\/\">Przejd\u017a do strony produktu<\/a><\/strong> :: <a href=\"mailto:biuro@elbok.com.pl?subject=Pytanie%20o%20WC-01\">Zapytaj o ten produkt<\/a> :.<\/p>\n<\/td>\n<\/tr>\n<tr style=\"background-color: #fffcad;\">\n<td style=\"height: 187px; width: 18.6298%;\"><a href=\"https:\/\/elbok.com.pl\/w\/wp-content\/uploads\/2015\/05\/s16-e4.png\"><img loading=\"lazy\" decoding=\"async\" class=\"aligncenter wp-image-256 size-thumbnail\" src=\"https:\/\/elbok.com.pl\/w\/wp-content\/uploads\/2015\/05\/s16-e4-150x150.png\" alt=\"Kaseta S16-E4\" width=\"150\" height=\"150\" \/><\/a><\/p>\n<p>&nbsp;<\/p>\n<p style=\"text-align: center;\"><strong>S16B-E4w<\/strong><br \/>\n<strong>Profibus<\/strong><\/p>\n<\/td>\n<td style=\"height: 187px; width: 61.2981%;\">\n<ul>\n<li>ilo\u015b\u0107 kana\u0142\u00f3w: <strong>16<\/strong><\/li>\n<li>czasy op\u00f3\u017anienia: <strong>0,03; 0,06; 0,2; 1; 4; 16; 32s<\/strong><\/li>\n<li>mo\u017cliwo\u015b\u0107 <strong>programowania z klawiatury<\/strong><\/li>\n<li>mo\u017cliwo\u015b\u0107 \u0142\u0105czenia kaset <strong>w grupy<\/strong> i z listw\u0105 <strong>WT-SE4-1<\/strong><\/li>\n<li>mo\u017cliwo\u015b\u0107 sterowania <strong>sygnalizacj\u0105 centraln\u0105<\/strong><\/li>\n<li><strong>mo\u017cliwo\u015b\u0107 kontrolowania stanu kasety w systemach wykorzystuj\u0105cych sie\u0107 Profibus<\/strong><\/li>\n<li>kaseta z <strong>roz\u0142\u0105cznymi wtykami WAGO<\/strong> na tylnej \u015bciance<\/li>\n<li>napi\u0119cie zasilania: <strong>24 VDC<\/strong><\/li>\n<li>pob\u00f3r mocy: <strong>max 3,5 W<\/strong><\/li>\n<li>masa: <strong>0,5 kg<\/strong><\/li>\n<\/ul>\n<\/td>\n<td style=\"width: 20%; height: 187px;\">\u00a0<\/td>\n<\/tr>\n<tr style=\"height: 32px;\">\n<td style=\"text-align: right; height: 32px; width: 99.9279%;\" colspan=\"3\">.: Kategoria: Kasety synoptyczne :: <strong><a href=\"https:\/\/elbok.com.pl\/w\/produkty\/kasety-synoptyczne\/\">Przejd\u017a do strony produktu<\/a><\/strong> :: <a href=\"mailto:biuro@elbok.com.pl?subject=Pytanie%20o%20S16B-E4w Profibus\">Zapytaj o ten produkt<\/a> :.<\/td>\n<\/tr>\n<tr style=\"background-color: #fffcad;\">\n<td style=\"height: 151px; width: 18.6298%;\"><a href=\"https:\/\/elbok.com.pl\/w\/wp-content\/uploads\/2015\/05\/s16-e4.png\"><img loading=\"lazy\" decoding=\"async\" class=\"aligncenter size-thumbnail wp-image-256\" src=\"https:\/\/elbok.com.pl\/w\/wp-content\/uploads\/2015\/05\/s16-e4-150x150.png\" alt=\"Kaseta S16-E4\" width=\"150\" height=\"150\" \/><\/a><\/p>\n<p>&nbsp;<\/p>\n<p style=\"text-align: center;\"><strong>S16B-E4w-2<\/strong><br \/>\n<strong>Profibus<\/strong><\/p>\n<\/td>\n<td style=\"height: 151px; width: 61.2981%;\">\n<ul>\n<li>ilo\u015b\u0107 kana\u0142\u00f3w: <strong>16<\/strong><\/li>\n<li>czasy op\u00f3\u017anienia: <strong>0,03; 0,06; 0,2; 1; 4; 16; 32s<\/strong><\/li>\n<li>mo\u017cliwo\u015b\u0107 <strong>programowania z klawiatury<\/strong><\/li>\n<li>mo\u017cliwo\u015b\u0107 \u0142\u0105czenia kaset <strong>w grupy<\/strong> i z listw\u0105 <strong>WT-SE4-1<\/strong><\/li>\n<li>mo\u017cliwo\u015b\u0107 sterowania <strong>sygnalizacj\u0105 centraln\u0105<\/strong><\/li>\n<li><strong>mo\u017cliwo\u015b\u0107 kontrolowania stanu kasety w systemach wykorzystuj\u0105cych sie\u0107 Profibus<\/strong><\/li>\n<li>kaseta z <strong>roz\u0142\u0105cznymi wtykami WAGO<\/strong> na tylnej \u015bciance<\/li>\n<li>napi\u0119cie zasilania: <strong>80-260 VDC<\/strong><\/li>\n<li>pob\u00f3r mocy: <strong>max 3,5 W<\/strong><\/li>\n<li>masa: <strong>0,5 kg<\/strong><\/li>\n<\/ul>\n<\/td>\n<td style=\"width: 20%; height: 151px;\">\u00a0<\/td>\n<\/tr>\n<tr style=\"height: 32px;\">\n<td style=\"text-align: right; height: 32px; width: 99.9279%;\" colspan=\"3\">.: Kategoria: Kasety synoptyczne :: <strong><a href=\"https:\/\/elbok.com.pl\/w\/produkty\/kasety-synoptyczne\/\">Przejd\u017a do strony produktu<\/a><\/strong> :: <a href=\"mailto:biuro@elbok.com.pl?subject=Pytanie%20o%20S16B-E4w-2 Profibus\">Zapytaj o ten produkt<\/a> :.<\/td>\n<\/tr>\n<tr style=\"height: 43px;\">\n<td style=\"height: 43px; width: 18.6298%;\">\n<p><a href=\"https:\/\/elbok.com.pl\/w\/wp-content\/uploads\/2015\/05\/s16-e4.png\"><img loading=\"lazy\" decoding=\"async\" class=\"aligncenter size-thumbnail wp-image-256\" src=\"https:\/\/elbok.com.pl\/w\/wp-content\/uploads\/2015\/05\/s16-e4-150x150.png\" alt=\"Kaseta S16-E4\" width=\"150\" height=\"150\" \/><\/a><\/p>\n<p style=\"text-align: center;\"><strong>S16B-Ew-2<\/strong><\/p>\n<\/td>\n<td style=\"height: 43px; width: 61.2981%;\">\n<ul>\n<li>ilo\u015b\u0107 kana\u0142\u00f3w: <strong>16<\/strong><\/li>\n<li>czasy op\u00f3\u017anienia: <strong>1s<\/strong><\/li>\n<li>napi\u0119cie zasilania: <strong>220 VDC<\/strong><\/li>\n<li>pob\u00f3r mocy: <strong>max 3,5 W<\/strong><\/li>\n<li>masa:<strong> 0,7 kg<\/strong><\/li>\n<li>kaseta z <strong>roz\u0142\u0105cznymi wtykami WAGO<\/strong> na tylnej \u015bciance<\/li>\n<\/ul>\n<\/td>\n<td style=\"width: 20%; height: 43px;\">\u00a0<\/td>\n<\/tr>\n<tr style=\"height: 32px;\">\n<td style=\"text-align: right; height: 32px; width: 99.9279%;\" colspan=\"3\">.: Kategoria: Kasety synoptyczne :: <strong><a href=\"https:\/\/elbok.com.pl\/w\/produkty\/kasety-synoptyczne\/\">Przejd\u017a do strony produktu<\/a><\/strong> :: <a href=\"mailto:biuro@elbok.com.pl?subject=Pytanie%20o%20S16B-Ew-2\">Zapytaj o ten produkt<\/a> :.<\/td>\n<\/tr>\n<tr style=\"background-color: #fffcad;\">\n<td style=\"width: 18.6298%; height: 236px;\"><a href=\"https:\/\/elbok.com.pl\/w\/wp-content\/uploads\/2015\/05\/sp2005.png\"><img loading=\"lazy\" decoding=\"async\" class=\"aligncenter size-thumbnail wp-image-435\" src=\"https:\/\/elbok.com.pl\/w\/wp-content\/uploads\/2015\/05\/sp2005-150x150.png\" alt=\"\" width=\"150\" height=\"150\" \/><\/a><\/p>\n<p>&nbsp;<\/p>\n<p style=\"text-align: center;\"><strong>SP2015BT<\/strong><\/p>\n<\/td>\n<td style=\"width: 61.2981%; height: 236px;\">\n<ul>\n<li>zastosowanie: Akwizycja i przechowywanie danych temperatury baterii koksowniczych<\/li>\n<li><strong>wsp\u00f3\u0142praca z komputerem PC<\/strong><\/li>\n<li>ilo\u015b\u0107 przechowywanych danych: <strong>4 baterie koksownicze<\/strong>, mo\u017cliwo\u015b\u0107 innych konfiguracji<\/li>\n<li>wsp\u00f3\u0142praca z pirometrami: <strong>Minolta Cyclops 100B<\/strong>\u00a0i inne na \u017cyczenie<\/li>\n<li>komunikacja: <strong>2x Bluetooth\u2122 Class I<\/strong> (stacja-pirometr, -komputer)<\/li>\n<li>napi\u0119cie zasilania: <strong>9V DC<\/strong> z wewn\u0119trznego akumulatora<\/li>\n<\/ul>\n<\/td>\n<td style=\"width: 20%; height: 236px;\">\u00a0<\/td>\n<\/tr>\n<tr style=\"height: 25px;\">\n<td style=\"text-align: right; height: 25px; width: 99.9279%;\" colspan=\"3\">.: Kategoria: Wyroby specjalne :: <strong><a href=\"https:\/\/elbok.com.pl\/w\/produkty\/wyroby-specjalne-dla-klientow\/\">Przejd\u017a do strony produktu<\/a><\/strong>\u00a0:: <a href=\"mailto:biuro@elbok.com.pl?subject=Pytanie%20o%20SP2005BT\">Zapytaj o ten produkt<\/a> :.<\/td>\n<\/tr>\n<tr style=\"background-color: fffcad;\">\n<td style=\"width: 18.6298%; background-color: #fffcad; text-align: right;\">\n<p style=\"text-align: start;\"><a href=\"https:\/\/elbok.com.pl\/w\/wp-content\/uploads\/2022\/10\/zh2.png\"><img loading=\"lazy\" decoding=\"async\" class=\"aligncenter wp-image-1324 size-medium\" src=\"https:\/\/elbok.com.pl\/w\/wp-content\/uploads\/2022\/10\/zh2-300x168.png\" alt=\"Zabezpieczenie hamulca ZH-2\" width=\"300\" height=\"168\" srcset=\"https:\/\/elbok.com.pl\/w\/wp-content\/uploads\/2022\/10\/zh2-300x168.png 300w, https:\/\/elbok.com.pl\/w\/wp-content\/uploads\/2022\/10\/zh2-768x429.png 768w, https:\/\/elbok.com.pl\/w\/wp-content\/uploads\/2022\/10\/zh2-325x182.png 325w, https:\/\/elbok.com.pl\/w\/wp-content\/uploads\/2022\/10\/zh2-454x254.png 454w, https:\/\/elbok.com.pl\/w\/wp-content\/uploads\/2022\/10\/zh2-512x286.png 512w, https:\/\/elbok.com.pl\/w\/wp-content\/uploads\/2022\/10\/zh2.png 800w\" sizes=\"auto, (max-width: 300px) 100vw, 300px\" \/><\/a><\/p>\n<p style=\"text-align: center;\"><strong>ZH-2<\/strong><\/p>\n<\/td>\n<td style=\"text-align: right; width: 61.2981%; background-color: #fffcad;\">\n<ul style=\"text-align: start;\">\n<li>zastosowanie:\u00a0<strong>Sygnalizacja temperaturowa ok\u0142adzin hamulca<\/strong><\/li>\n<li>napi\u0119cie zasilania:\u00a0<strong>230V AC<\/strong><\/li>\n<li>kontrola maksymalnie dw\u00f3ch punkt\u00f3w pomiarowych<\/li>\n<li>automatyczne wyszukiwanie czujnik\u00f3w<\/li>\n<li>dwa poziomy sygnalizacji przekroczenia temperatury ok\u0142adzin<\/li>\n<li>szczelna obudowa<\/li>\n<\/ul>\n<\/td>\n<td style=\"text-align: right; width: 20%; background-color: #fffcad;\">\u00a0<\/td>\n<\/tr>\n<tr>\n<td style=\"text-align: right; width: 99.9279%;\" colspan=\"3\"><span style=\"text-align: start;\">.: Kategoria: Wyroby specjalne :: <strong><a href=\"https:\/\/elbok.com.pl\/w\/produkty\/wyroby-specjalne-dla-klientow\/\">Przejd\u017a do strony produktu<\/a><\/strong> :: <\/span><a style=\"text-align: start;\" href=\"mailto:biuro@elbok.com.pl?subject=Pytanie%20o%20ZH-2\">Zapytaj o ten produkt<\/a><span style=\"text-align: start;\">\u00a0:.<\/span><\/td>\n<\/tr>\n<\/tbody>\n<\/table>\n<p>Zapraszamy r\u00f3wnie\u017c do odwiedzenia <a href=\"https:\/\/elbok.com.pl\/w\/produkty\/\">Katalogu produkt\u00f3w<\/a> lub innych stron produkt\u00f3w, gdzie znajd\u0105 Pa\u0144stwo pe\u0142n\u0105 ofert\u0119 produktow\u0105.<\/p>\n","protected":false},"excerpt":{"rendered":"<p>Nowo\u015bci w ofercie firmy W tym miejscu umie\u015bcili\u015bmy skr\u00f3t oferty z najnowszymi produktami Naszej firmy, &hellip;<\/p>\n","protected":false},"author":1,"featured_media":0,"parent":14,"menu_order":0,"comment_status":"closed","ping_status":"open","template":"","meta":{"footnotes":"","_wp_rev_ctl_limit":""},"class_list":["post-108","page","type-page","status-publish","hentry"],"_links":{"self":[{"href":"https:\/\/elbok.com.pl\/w\/wp-json\/wp\/v2\/pages\/108","targetHints":{"allow":["GET"]}}],"collection":[{"href":"https:\/\/elbok.com.pl\/w\/wp-json\/wp\/v2\/pages"}],"about":[{"href":"https:\/\/elbok.com.pl\/w\/wp-json\/wp\/v2\/types\/page"}],"author":[{"embeddable":true,"href":"https:\/\/elbok.com.pl\/w\/wp-json\/wp\/v2\/users\/1"}],"replies":[{"embeddable":true,"href":"https:\/\/elbok.com.pl\/w\/wp-json\/wp\/v2\/comments?post=108"}],"version-history":[{"count":3,"href":"https:\/\/elbok.com.pl\/w\/wp-json\/wp\/v2\/pages\/108\/revisions"}],"predecessor-version":[{"id":1327,"href":"https:\/\/elbok.com.pl\/w\/wp-json\/wp\/v2\/pages\/108\/revisions\/1327"}],"up":[{"embeddable":true,"href":"https:\/\/elbok.com.pl\/w\/wp-json\/wp\/v2\/pages\/14"}],"wp:attachment":[{"href":"https:\/\/elbok.com.pl\/w\/wp-json\/wp\/v2\/media?parent=108"}],"curies":[{"name":"wp","href":"https:\/\/api.w.org\/{rel}","templated":true}]}}