{"id":104,"date":"2015-04-29T17:39:30","date_gmt":"2015-04-29T15:39:30","guid":{"rendered":"https:\/\/elbok.com.pl\/w\/?page_id=104"},"modified":"2022-10-07T08:10:31","modified_gmt":"2022-10-07T06:10:31","slug":"pracuj-u-nas","status":"publish","type":"page","link":"https:\/\/elbok.com.pl\/w\/przykladowa-strona\/pracuj-u-nas\/","title":{"rendered":"Pracuj u nas"},"content":{"rendered":"<h1>Oferty pracy<\/h1>\n<p><b>W tej chwili nie prowadzimy \u017cadnego procesu rekrutacji.<\/b><\/p>\n<p>Dzi\u0119kujemy na nades\u0142ane zapytania lub dokumenty CV. Przepraszamy, lecz ze wzgl\u0119du na przepisy prawne dotycz\u0105ce przetwarzania danych osobowych niestety nie mo\u017cemy ich zachowa\u0107 na przysz\u0142o\u015b\u0107.<\/p>\n<p>&nbsp;<\/p>\n","protected":false},"excerpt":{"rendered":"<p>Oferty pracy W tej chwili nie prowadzimy \u017cadnego procesu rekrutacji. Dzi\u0119kujemy na nades\u0142ane zapytania lub &hellip;<\/p>\n","protected":false},"author":1,"featured_media":0,"parent":2,"menu_order":4,"comment_status":"closed","ping_status":"closed","template":"","meta":{"footnotes":"","_wp_rev_ctl_limit":""},"class_list":["post-104","page","type-page","status-publish","hentry"],"_links":{"self":[{"href":"https:\/\/elbok.com.pl\/w\/wp-json\/wp\/v2\/pages\/104","targetHints":{"allow":["GET"]}}],"collection":[{"href":"https:\/\/elbok.com.pl\/w\/wp-json\/wp\/v2\/pages"}],"about":[{"href":"https:\/\/elbok.com.pl\/w\/wp-json\/wp\/v2\/types\/page"}],"author":[{"embeddable":true,"href":"https:\/\/elbok.com.pl\/w\/wp-json\/wp\/v2\/users\/1"}],"replies":[{"embeddable":true,"href":"https:\/\/elbok.com.pl\/w\/wp-json\/wp\/v2\/comments?post=104"}],"version-history":[{"count":1,"href":"https:\/\/elbok.com.pl\/w\/wp-json\/wp\/v2\/pages\/104\/revisions"}],"predecessor-version":[{"id":1227,"href":"https:\/\/elbok.com.pl\/w\/wp-json\/wp\/v2\/pages\/104\/revisions\/1227"}],"up":[{"embeddable":true,"href":"https:\/\/elbok.com.pl\/w\/wp-json\/wp\/v2\/pages\/2"}],"wp:attachment":[{"href":"https:\/\/elbok.com.pl\/w\/wp-json\/wp\/v2\/media?parent=104"}],"curies":[{"name":"wp","href":"https:\/\/api.w.org\/{rel}","templated":true}]}}